{"id":4080,"date":"2025-08-22T09:40:46","date_gmt":"2025-08-22T09:40:46","guid":{"rendered":"https:\/\/sg-untere-fils.de\/wp3\/?page_id=4080"},"modified":"2025-08-22T09:45:55","modified_gmt":"2025-08-22T09:45:55","slug":"d4-jugend-maennlich-bezirksklasse","status":"publish","type":"page","link":"https:\/\/sg-untere-fils.de\/wp3\/d4-jugend-maennlich-bezirksklasse\/","title":{"rendered":"D4-Jugend m\u00e4nnlich &#8211; Bezirksklasse"},"content":{"rendered":"\t\t<div data-elementor-type=\"wp-page\" data-elementor-id=\"4080\" class=\"elementor elementor-4080\" data-elementor-post-type=\"page\">\n\t\t\t\t<div class=\"elementor-element elementor-element-93263f3 e-flex e-con-boxed e-con e-parent\" data-id=\"93263f3\" data-element_type=\"container\" data-e-type=\"container\" data-settings=\"{&quot;background_background&quot;:&quot;classic&quot;}\">\n\t\t\t\t\t<div class=\"e-con-inner\">\n\t\t<div class=\"elementor-element elementor-element-6c32ff7 e-flex e-con-boxed e-con e-child\" data-id=\"6c32ff7\" data-element_type=\"container\" data-e-type=\"container\">\n\t\t\t\t\t<div class=\"e-con-inner\">\n\t\t\t\t<div class=\"elementor-element elementor-element-888fcee elementor-widget elementor-widget-heading\" data-id=\"888fcee\" data-element_type=\"widget\" data-e-type=\"widget\" data-widget_type=\"heading.default\">\n\t\t\t\t<div class=\"elementor-widget-container\">\n\t\t\t\t\t<h2 class=\"elementor-heading-title elementor-size-default\">D4 m\u00e4nnlich <br>Bezirksklasse<\/h2>\t\t\t\t<\/div>\n\t\t\t\t<\/div>\n\t\t\t\t\t<\/div>\n\t\t\t\t<\/div>\n\t\t\t\t\t<\/div>\n\t\t\t\t<\/div>\n\t\t<div class=\"elementor-element elementor-element-292a0ba e-flex e-con-boxed e-con e-parent\" data-id=\"292a0ba\" data-element_type=\"container\" data-e-type=\"container\">\n\t\t\t\t\t<div class=\"e-con-inner\">\n\t\t\t\t<div class=\"elementor-element elementor-element-b6eb6f8 elementor-widget elementor-widget-text-editor\" data-id=\"b6eb6f8\" data-element_type=\"widget\" data-e-type=\"widget\" data-widget_type=\"text-editor.default\">\n\t\t\t\t<div class=\"elementor-widget-container\">\n\t\t\t\t\t\t\t\t\t<p>\u00a0<\/p><p><a href=\"#Team_Saison\">Saison 2025\/2026<\/a>\u00a0\/\/\u00a0<a href=\"#Team_Tabelle\">Tabelle <\/a>\/\/<a href=\"#Team_Aktuelle_Spiele\">Aktuelle Spiele <\/a>\/\/\u00a0<a href=\"#Team_news\">Team News<\/a><\/p>\t\t\t\t\t\t\t\t<\/div>\n\t\t\t\t<\/div>\n\t\t\t\t\t<\/div>\n\t\t\t\t<\/div>\n\t\t<div class=\"elementor-element elementor-element-4cb475b e-flex e-con-boxed e-con e-parent\" data-id=\"4cb475b\" data-element_type=\"container\" data-e-type=\"container\">\n\t\t\t\t\t<div class=\"e-con-inner\">\n\t\t<div class=\"elementor-element elementor-element-9741bfd e-con-full e-flex e-con e-child\" data-id=\"9741bfd\" data-element_type=\"container\" data-e-type=\"container\">\n\t\t\t\t<div class=\"elementor-element elementor-element-d90ef00 elementor-widget elementor-widget-image\" data-id=\"d90ef00\" data-element_type=\"widget\" data-e-type=\"widget\" data-widget_type=\"image.default\">\n\t\t\t\t<div class=\"elementor-widget-container\">\n\t\t\t\t\t\t\t\t\t\t\t\t\t\t\t\t<a href=\"https:\/\/sg-untere-fils.de\/wp3\/wp-content\/uploads\/2025\/07\/D3m_2025-2026_frei_kl.jpg\" data-elementor-open-lightbox=\"yes\" data-elementor-lightbox-title=\"D3m_2025-2026_frei_kl\" data-e-action-hash=\"#elementor-action%3Aaction%3Dlightbox%26settings%3DeyJpZCI6Mzg2NiwidXJsIjoiaHR0cHM6XC9cL3NnLXVudGVyZS1maWxzLmRlXC93cDNcL3dwLWNvbnRlbnRcL3VwbG9hZHNcLzIwMjVcLzA3XC9EM21fMjAyNS0yMDI2X2ZyZWlfa2wuanBnIn0%3D\">\n\t\t\t\t\t\t\t<img fetchpriority=\"high\" decoding=\"async\" width=\"1400\" height=\"735\" src=\"https:\/\/sg-untere-fils.de\/wp3\/wp-content\/uploads\/2025\/07\/D3m_2025-2026_frei_kl.jpg\" class=\"attachment-full size-full wp-image-3866\" alt=\"\" srcset=\"https:\/\/sg-untere-fils.de\/wp3\/wp-content\/uploads\/2025\/07\/D3m_2025-2026_frei_kl.jpg 1400w, https:\/\/sg-untere-fils.de\/wp3\/wp-content\/uploads\/2025\/07\/D3m_2025-2026_frei_kl-300x158.jpg 300w, https:\/\/sg-untere-fils.de\/wp3\/wp-content\/uploads\/2025\/07\/D3m_2025-2026_frei_kl-1024x538.jpg 1024w, https:\/\/sg-untere-fils.de\/wp3\/wp-content\/uploads\/2025\/07\/D3m_2025-2026_frei_kl-768x403.jpg 768w\" sizes=\"(max-width: 1400px) 100vw, 1400px\" \/>\t\t\t\t\t\t\t\t<\/a>\n\t\t\t\t\t\t\t\t\t\t\t\t\t\t\t<\/div>\n\t\t\t\t<\/div>\n\t\t\t\t<\/div>\n\t\t<div class=\"elementor-element elementor-element-458f621 e-con-full e-flex e-con e-child\" data-id=\"458f621\" data-element_type=\"container\" data-e-type=\"container\">\n\t\t\t\t<div class=\"elementor-element elementor-element-57ee7d9 elementor-widget elementor-widget-heading\" data-id=\"57ee7d9\" data-element_type=\"widget\" data-e-type=\"widget\" data-widget_type=\"heading.default\">\n\t\t\t\t<div class=\"elementor-widget-container\">\n\t\t\t\t\t<h5 class=\"elementor-heading-title elementor-size-default\">Team<\/h5>\t\t\t\t<\/div>\n\t\t\t\t<\/div>\n\t\t\t\t<div class=\"elementor-element elementor-element-9dbc1b1 elementor-widget elementor-widget-text-editor\" data-id=\"9dbc1b1\" data-element_type=\"widget\" data-e-type=\"widget\" data-widget_type=\"text-editor.default\">\n\t\t\t\t<div class=\"elementor-widget-container\">\n\t\t\t\t\t\t\t\t\t<p><strong>Spieler<\/strong><\/p>\n<p style=\"margin: 0cm; vertical-align: baseline;\"><span style=\"font-size: 11.5pt; font-family: 'DM Sans'; color: #364151;\">Die D4 setzt sich aus Spielern der D2 und D3 zusammen.<\/span><\/p><p style=\"margin: 0cm; vertical-align: baseline;\"><span style=\"font-size: 11.5pt; font-family: 'DM Sans'; color: #364151;\"><br><\/span><\/p>\n<p><strong>Trainerteam<\/strong><\/p>\n<p>Marcus Fetzer und Markus Dannenmann<\/p>\t\t\t\t\t\t\t\t<\/div>\n\t\t\t\t<\/div>\n\t\t\t\t<\/div>\n\t\t\t\t\t<\/div>\n\t\t\t\t<\/div>\n\t\t<div class=\"elementor-element elementor-element-1d683b0 e-flex e-con-boxed e-con e-parent\" data-id=\"1d683b0\" data-element_type=\"container\" data-e-type=\"container\">\n\t\t\t\t\t<div class=\"e-con-inner\">\n\t\t\t\t<div class=\"elementor-element elementor-element-7bec87a elementor-widget elementor-widget-menu-anchor\" data-id=\"7bec87a\" data-element_type=\"widget\" data-e-type=\"widget\" data-widget_type=\"menu-anchor.default\">\n\t\t\t\t<div class=\"elementor-widget-container\">\n\t\t\t\t\t\t\t<div class=\"elementor-menu-anchor\" id=\"Team_Saison\"><\/div>\n\t\t\t\t\t\t<\/div>\n\t\t\t\t<\/div>\n\t\t\t\t\t<\/div>\n\t\t\t\t<\/div>\n\t\t<div class=\"elementor-element elementor-element-4f26935 e-flex e-con-boxed e-con e-parent\" data-id=\"4f26935\" data-element_type=\"container\" data-e-type=\"container\">\n\t\t\t\t\t<div class=\"e-con-inner\">\n\t\t\t\t<div class=\"elementor-element elementor-element-7eaac9f elementor-widget elementor-widget-heading\" data-id=\"7eaac9f\" data-element_type=\"widget\" data-e-type=\"widget\" data-widget_type=\"heading.default\">\n\t\t\t\t<div class=\"elementor-widget-container\">\n\t\t\t\t\t<h2 class=\"elementor-heading-title elementor-size-default\">Saison 2025\/2026<\/h2>\t\t\t\t<\/div>\n\t\t\t\t<\/div>\n\t\t\t\t\t<\/div>\n\t\t\t\t<\/div>\n\t\t<div class=\"elementor-element elementor-element-ce5fc1e e-flex e-con-boxed e-con e-parent\" data-id=\"ce5fc1e\" data-element_type=\"container\" data-e-type=\"container\">\n\t\t\t\t\t<div class=\"e-con-inner\">\n\t\t\t\t<div class=\"elementor-element elementor-element-7f46955 elementor-widget elementor-widget-text-editor\" data-id=\"7f46955\" data-element_type=\"widget\" data-e-type=\"widget\" data-widget_type=\"text-editor.default\">\n\t\t\t\t<div class=\"elementor-widget-container\">\n\t\t\t\t\t\t\t\t\t<p>Vielen Dank f\u00fcr das Interesse an unsere m\u00e4nnliche D-Jugend!<\/p><p><br><\/p>\n<p>Auch in dieser Saison freuen wir uns auf viele spannende Spiele \u2013 und nat\u00fcrlich wollen wir gemeinsam einige davon gewinnen.<\/p>\n<p>Unsere D-Jugend wurde in diesem Jahr neu strukturiert: Die D1 wurde leistungsorientiert aus Spielern der HSG Ebersbach\/B\u00fcnzwangen und des TV Reichenbach gebildet. Die weiteren Mannschaften wurden dagegen nach Ortszugeh\u00f6rigkeit zusammengestellt, um kurze Wege zu erm\u00f6glichen.<\/p><p><br><\/p>\n<p>Wir \u2013 das sind 20 Jungs der Jahrg\u00e4nge 2013 und 2014 aus der HSG Ebersbach\/B\u00fcnzwangen \u2013 bilden eines dieser D-Jugend-Teams. Unsere Trainer Marcus Fetzer und Markus Dannenmann haben dabei eine bunt gemischte Truppe \u00fcbernommen, mit viel Talent, Ehrgeiz und Spa\u00df am Spiel. F\u00fcr viele Jungs ist es die erste Saison auf dem gro\u00dfen Feld \u2013 das hei\u00dft: mehr Tempo, mehr Taktik und ganz neue Herausforderungen.<\/p><p><br><\/p>\n<p>Ziel in dieser Saison ist nicht nur das Sammeln von Punkten, sondern vor allem das Sammeln von Erfahrung. Wir wollen uns als Team weiterentwickeln, individuell besser werden und dabei den Spa\u00df am Handball nie verlieren.<\/p><p><br><\/p>\n<p>Wir freuen uns auf viele faire, mitrei\u00dfende Spiele \u2013 und hoffen dabei auf viel Unterst\u00fctzung!<\/p><p><br><\/p>\n<p><strong>Denn am Ende geht\u2019s nicht nur um Tore \u2013 sondern um Teamgeist, Zusammenhalt und die Freude am Handball.<\/strong><\/p>\t\t\t\t\t\t\t\t<\/div>\n\t\t\t\t<\/div>\n\t\t\t\t\t<\/div>\n\t\t\t\t<\/div>\n\t\t<div class=\"elementor-element elementor-element-d0e67a4 e-flex e-con-boxed e-con e-parent\" data-id=\"d0e67a4\" data-element_type=\"container\" data-e-type=\"container\">\n\t\t\t\t\t<div class=\"e-con-inner\">\n\t\t\t\t<div class=\"elementor-element elementor-element-db58923 elementor-widget elementor-widget-menu-anchor\" data-id=\"db58923\" data-element_type=\"widget\" data-e-type=\"widget\" data-widget_type=\"menu-anchor.default\">\n\t\t\t\t<div class=\"elementor-widget-container\">\n\t\t\t\t\t\t\t<div class=\"elementor-menu-anchor\" id=\"Team_Tabelle\"><\/div>\n\t\t\t\t\t\t<\/div>\n\t\t\t\t<\/div>\n\t\t\t\t\t<\/div>\n\t\t\t\t<\/div>\n\t\t<div class=\"elementor-element elementor-element-2019f67 e-flex e-con-boxed e-con e-parent\" data-id=\"2019f67\" data-element_type=\"container\" data-e-type=\"container\">\n\t\t\t\t\t<div class=\"e-con-inner\">\n\t\t\t\t<div class=\"elementor-element elementor-element-22dbe0b elementor-widget elementor-widget-heading\" data-id=\"22dbe0b\" data-element_type=\"widget\" data-e-type=\"widget\" data-widget_type=\"heading.default\">\n\t\t\t\t<div class=\"elementor-widget-container\">\n\t\t\t\t\t<h2 class=\"elementor-heading-title elementor-size-default\">Tabelle\n<\/h2>\t\t\t\t<\/div>\n\t\t\t\t<\/div>\n\t\t\t\t\t<\/div>\n\t\t\t\t<\/div>\n\t\t<div class=\"elementor-element elementor-element-f270834 e-flex e-con-boxed e-con e-parent\" data-id=\"f270834\" data-element_type=\"container\" data-e-type=\"container\">\n\t\t\t\t\t<div class=\"e-con-inner\">\n\t\t<div class=\"elementor-element elementor-element-d9cf66a e-con-full e-flex e-con e-child\" data-id=\"d9cf66a\" data-element_type=\"container\" data-e-type=\"container\">\n\t\t\t\t<div class=\"elementor-element elementor-element-7c81149 elementor-widget elementor-widget-html\" data-id=\"7c81149\" data-element_type=\"widget\" data-e-type=\"widget\" data-widget_type=\"html.default\">\n\t\t\t\t<div class=\"elementor-widget-container\">\n\t\t\t\t\t<div id='handball-tabelle'><\/div>\n\n<script>\n_hb({\nwidget: 'tabelle',\nteamId: 'handball4all.baden-wuerttemberg.1340091',\ncontainer: 'handball-tabelle'\n})\n<\/script>\n\n<style>\n\n.hb-embed__title-container {\n\tborder-bottom-color: #1e79fe;\n}\n\n\n.hb-embed__table thead th {\n  border-bottom-color: #1e79fe;\n}\n\n.hb-embed__btn.hb-embed__btn-primary {\n\n\tbackground-color: #1e79fe;\n\tborder-color: #1e79fe;\n\tcolor: #000;\n}\n\n\n.hb-embed__branding-logo {\n  width: 100px;\n  height: auto;\n}\n\n<\/style>\n\t\t\t\t<\/div>\n\t\t\t\t<\/div>\n\t\t\t\t<\/div>\n\t\t\t\t\t<\/div>\n\t\t\t\t<\/div>\n\t\t<div class=\"elementor-element elementor-element-73cb19e e-flex e-con-boxed e-con e-parent\" data-id=\"73cb19e\" data-element_type=\"container\" data-e-type=\"container\">\n\t\t\t\t\t<div class=\"e-con-inner\">\n\t\t\t\t<div class=\"elementor-element elementor-element-7a6979d elementor-widget-divider--view-line elementor-widget elementor-widget-divider\" data-id=\"7a6979d\" data-element_type=\"widget\" data-e-type=\"widget\" data-widget_type=\"divider.default\">\n\t\t\t\t<div class=\"elementor-widget-container\">\n\t\t\t\t\t\t\t<div class=\"elementor-divider\">\n\t\t\t<span class=\"elementor-divider-separator\">\n\t\t\t\t\t\t<\/span>\n\t\t<\/div>\n\t\t\t\t\t\t<\/div>\n\t\t\t\t<\/div>\n\t\t\t\t\t<\/div>\n\t\t\t\t<\/div>\n\t\t<div class=\"elementor-element elementor-element-c1e8db4 e-flex e-con-boxed e-con e-parent\" data-id=\"c1e8db4\" data-element_type=\"container\" data-e-type=\"container\">\n\t\t\t\t\t<div class=\"e-con-inner\">\n\t\t\t\t<div class=\"elementor-element elementor-element-14195a6 elementor-widget elementor-widget-menu-anchor\" data-id=\"14195a6\" data-element_type=\"widget\" data-e-type=\"widget\" data-widget_type=\"menu-anchor.default\">\n\t\t\t\t<div class=\"elementor-widget-container\">\n\t\t\t\t\t\t\t<div class=\"elementor-menu-anchor\" id=\"Team_Aktuelle_Spiele\"><\/div>\n\t\t\t\t\t\t<\/div>\n\t\t\t\t<\/div>\n\t\t\t\t\t<\/div>\n\t\t\t\t<\/div>\n\t\t<div class=\"elementor-element elementor-element-204e044 e-flex e-con-boxed e-con e-parent\" data-id=\"204e044\" data-element_type=\"container\" data-e-type=\"container\">\n\t\t\t\t\t<div class=\"e-con-inner\">\n\t\t\t\t<div class=\"elementor-element elementor-element-1ad0db0 elementor-widget elementor-widget-html\" data-id=\"1ad0db0\" data-element_type=\"widget\" data-e-type=\"widget\" data-widget_type=\"html.default\">\n\t\t\t\t<div class=\"elementor-widget-container\">\n\t\t\t\t\t<div id='handball-spielplan'><\/div>\n<script>\n_hb({\nwidget: 'spielplan',\nteamId: 'handball4all.baden-wuerttemberg.1340091',\ncontainer: 'handball-spielplan'\n})\n<\/script>\t\t\t\t<\/div>\n\t\t\t\t<\/div>\n\t\t\t\t\t<\/div>\n\t\t\t\t<\/div>\n\t\t<div class=\"elementor-element elementor-element-2e294c5 e-flex e-con-boxed e-con e-parent\" data-id=\"2e294c5\" data-element_type=\"container\" data-e-type=\"container\">\n\t\t\t\t\t<div class=\"e-con-inner\">\n\t\t\t\t<div class=\"elementor-element elementor-element-e0fec71 elementor-widget elementor-widget-menu-anchor\" data-id=\"e0fec71\" data-element_type=\"widget\" data-e-type=\"widget\" data-widget_type=\"menu-anchor.default\">\n\t\t\t\t<div class=\"elementor-widget-container\">\n\t\t\t\t\t\t\t<div class=\"elementor-menu-anchor\" id=\"Team_news\"><\/div>\n\t\t\t\t\t\t<\/div>\n\t\t\t\t<\/div>\n\t\t\t\t\t<\/div>\n\t\t\t\t<\/div>\n\t\t<div class=\"elementor-element elementor-element-258d384 e-flex e-con-boxed e-con e-parent\" data-id=\"258d384\" data-element_type=\"container\" data-e-type=\"container\">\n\t\t\t\t\t<div class=\"e-con-inner\">\n\t\t\t\t<div class=\"elementor-element elementor-element-073ae5e elementor-widget elementor-widget-heading\" data-id=\"073ae5e\" data-element_type=\"widget\" data-e-type=\"widget\" data-widget_type=\"heading.default\">\n\t\t\t\t<div class=\"elementor-widget-container\">\n\t\t\t\t\t<h2 class=\"elementor-heading-title elementor-size-default\">Team News<\/h2>\t\t\t\t<\/div>\n\t\t\t\t<\/div>\n\t\t\t\t\t<\/div>\n\t\t\t\t<\/div>\n\t\t<div class=\"elementor-element elementor-element-90a2955 e-flex e-con-boxed e-con e-parent\" data-id=\"90a2955\" data-element_type=\"container\" data-e-type=\"container\">\n\t\t\t\t\t<div class=\"e-con-inner\">\n\t\t\t\t<div class=\"elementor-element elementor-element-cbf42e6 elementor-grid-3 elementor-grid-tablet-2 elementor-grid-mobile-1 elementor-posts--thumbnail-top elementor-posts--show-avatar elementor-card-shadow-yes elementor-posts__hover-gradient elementor-widget elementor-widget-posts\" data-id=\"cbf42e6\" data-element_type=\"widget\" data-e-type=\"widget\" data-settings=\"{&quot;pagination_type&quot;:&quot;numbers&quot;,&quot;cards_columns&quot;:&quot;3&quot;,&quot;cards_columns_tablet&quot;:&quot;2&quot;,&quot;cards_columns_mobile&quot;:&quot;1&quot;,&quot;cards_row_gap&quot;:{&quot;unit&quot;:&quot;px&quot;,&quot;size&quot;:35,&quot;sizes&quot;:[]},&quot;cards_row_gap_tablet&quot;:{&quot;unit&quot;:&quot;px&quot;,&quot;size&quot;:&quot;&quot;,&quot;sizes&quot;:[]},&quot;cards_row_gap_mobile&quot;:{&quot;unit&quot;:&quot;px&quot;,&quot;size&quot;:&quot;&quot;,&quot;sizes&quot;:[]}}\" data-widget_type=\"posts.cards\">\n\t\t\t\t<div class=\"elementor-widget-container\">\n\t\t\t\t\t\t\t<div class=\"elementor-posts-container elementor-posts elementor-posts--skin-cards elementor-grid\" role=\"list\">\n\t\t\t\t<article class=\"elementor-post elementor-grid-item post-4357 post type-post status-publish format-standard has-post-thumbnail hentry category-spielbericht category-team_d4m\" role=\"listitem\">\n\t\t\t<div class=\"elementor-post__card\">\n\t\t\t\t<a class=\"elementor-post__thumbnail__link\" href=\"https:\/\/sg-untere-fils.de\/wp3\/mjd-bk-d4-mit-einsatz-und-moral-gegen-plochingen\/\" tabindex=\"-1\" ><div class=\"elementor-post__thumbnail\"><img decoding=\"async\" width=\"300\" height=\"222\" src=\"https:\/\/sg-untere-fils.de\/wp3\/wp-content\/uploads\/2025\/11\/d4_ploch_1-300x222.jpg\" class=\"attachment-medium size-medium wp-image-4359\" alt=\"\" srcset=\"https:\/\/sg-untere-fils.de\/wp3\/wp-content\/uploads\/2025\/11\/d4_ploch_1-300x222.jpg 300w, https:\/\/sg-untere-fils.de\/wp3\/wp-content\/uploads\/2025\/11\/d4_ploch_1-1024x758.jpg 1024w, https:\/\/sg-untere-fils.de\/wp3\/wp-content\/uploads\/2025\/11\/d4_ploch_1-768x569.jpg 768w, https:\/\/sg-untere-fils.de\/wp3\/wp-content\/uploads\/2025\/11\/d4_ploch_1.jpg 1234w\" sizes=\"(max-width: 300px) 100vw, 300px\" \/><\/div><\/a>\n\t\t\t\t<div class=\"elementor-post__badge\">Spielbericht<\/div>\n\t\t\t\t<div class=\"elementor-post__avatar\">\n\t\t\t<img alt='admin' src='https:\/\/secure.gravatar.com\/avatar\/2e8694fc6e7693abcee4e8015c536d0013c540693f14cf298b1651afb023cc85?s=128&#038;d=mm&#038;r=g' srcset='https:\/\/secure.gravatar.com\/avatar\/2e8694fc6e7693abcee4e8015c536d0013c540693f14cf298b1651afb023cc85?s=256&#038;d=mm&#038;r=g 2x' class='avatar avatar-128 photo' height='128' width='128' \/>\t\t<\/div>\n\t\t\t\t<div class=\"elementor-post__text\">\n\t\t\t\t<h3 class=\"elementor-post__title\">\n\t\t\t<a href=\"https:\/\/sg-untere-fils.de\/wp3\/mjd-bk-d4-mit-einsatz-und-moral-gegen-plochingen\/\" >\n\t\t\t\tmJD-BK: D4 mit Einsatz und Moral gegen Plochingen\t\t\t<\/a>\n\t\t<\/h3>\n\t\t\t\t<div class=\"elementor-post__excerpt\">\n\t\t\t<p>Dm4 SG Untere Fils \u2013 TV Plochingen 2: 16:29 \u00a0 Die SG Untere Fils musste sich im Heimspiel gegen den<\/p>\n\t\t<\/div>\n\t\t\n\t\t<a class=\"elementor-post__read-more\" href=\"https:\/\/sg-untere-fils.de\/wp3\/mjd-bk-d4-mit-einsatz-und-moral-gegen-plochingen\/\" aria-label=\"Mehr \u00fcber mJD-BK: D4 mit Einsatz und Moral gegen Plochingen\" tabindex=\"-1\" >\n\t\t\tWeiterlesen \u00bb\t\t<\/a>\n\n\t\t\t\t<\/div>\n\t\t\t\t<div class=\"elementor-post__meta-data\">\n\t\t\t\t\t<span class=\"elementor-post-date\">\n\t\t\tNovember 23, 2025\t\t<\/span>\n\t\t\t\t<span class=\"elementor-post-avatar\">\n\t\t\tKeine Kommentare\t\t<\/span>\n\t\t\t\t<\/div>\n\t\t\t\t\t<\/div>\n\t\t<\/article>\n\t\t\t\t<\/div>\n\t\t\n\t\t\t\t\t\t<\/div>\n\t\t\t\t<\/div>\n\t\t\t\t\t<\/div>\n\t\t\t\t<\/div>\n\t\t\t\t<\/div>\n\t\t","protected":false},"excerpt":{"rendered":"<p>D4 m\u00e4nnlich Bezirksklasse \u00a0 Saison 2025\/2026\u00a0\/\/\u00a0Tabelle \/\/Aktuelle Spiele \/\/\u00a0Team News Team Spieler Die D4 setzt sich aus Spielern der D2 und D3 zusammen. Trainerteam Marcus Fetzer und Markus Dannenmann Saison 2025\/2026 Vielen Dank f\u00fcr das Interesse an unsere m\u00e4nnliche D-Jugend! Auch in dieser Saison freuen wir uns auf viele spannende Spiele \u2013 und nat\u00fcrlich wollen [&hellip;]<\/p>\n","protected":false},"author":1,"featured_media":0,"parent":0,"menu_order":0,"comment_status":"closed","ping_status":"closed","template":"","meta":{"site-sidebar-layout":"no-sidebar","site-content-layout":"page-builder","ast-site-content-layout":"full-width-container","site-content-style":"unboxed","site-sidebar-style":"unboxed","ast-global-header-display":"","ast-banner-title-visibility":"","ast-main-header-display":"","ast-hfb-above-header-display":"","ast-hfb-below-header-display":"","ast-hfb-mobile-header-display":"","site-post-title":"disabled","ast-breadcrumbs-content":"","ast-featured-img":"disabled","footer-sml-layout":"","theme-transparent-header-meta":"enabled","adv-header-id-meta":"","stick-header-meta":"","header-above-stick-meta":"","header-main-stick-meta":"","header-below-stick-meta":"","astra-migrate-meta-layouts":"set","ast-page-background-enabled":"default","ast-page-background-meta":{"desktop":{"background-color":"var(--ast-global-color-4)","background-image":"","background-repeat":"repeat","background-position":"center center","background-size":"auto","background-attachment":"scroll","background-type":"","background-media":"","overlay-type":"","overlay-color":"","overlay-opacity":"","overlay-gradient":""},"tablet":{"background-color":"","background-image":"","background-repeat":"repeat","background-position":"center center","background-size":"auto","background-attachment":"scroll","background-type":"","background-media":"","overlay-type":"","overlay-color":"","overlay-opacity":"","overlay-gradient":""},"mobile":{"background-color":"","background-image":"","background-repeat":"repeat","background-position":"center center","background-size":"auto","background-attachment":"scroll","background-type":"","background-media":"","overlay-type":"","overlay-color":"","overlay-opacity":"","overlay-gradient":""}},"ast-content-background-meta":{"desktop":{"background-color":"var(--ast-global-color-5)","background-image":"","background-repeat":"repeat","background-position":"center center","background-size":"auto","background-attachment":"scroll","background-type":"","background-media":"","overlay-type":"","overlay-color":"","overlay-opacity":"","overlay-gradient":""},"tablet":{"background-color":"var(--ast-global-color-5)","background-image":"","background-repeat":"repeat","background-position":"center center","background-size":"auto","background-attachment":"scroll","background-type":"","background-media":"","overlay-type":"","overlay-color":"","overlay-opacity":"","overlay-gradient":""},"mobile":{"background-color":"var(--ast-global-color-5)","background-image":"","background-repeat":"repeat","background-position":"center center","background-size":"auto","background-attachment":"scroll","background-type":"","background-media":"","overlay-type":"","overlay-color":"","overlay-opacity":"","overlay-gradient":""}},"footnotes":""},"class_list":["post-4080","page","type-page","status-publish","hentry"],"_links":{"self":[{"href":"https:\/\/sg-untere-fils.de\/wp3\/wp-json\/wp\/v2\/pages\/4080","targetHints":{"allow":["GET"]}}],"collection":[{"href":"https:\/\/sg-untere-fils.de\/wp3\/wp-json\/wp\/v2\/pages"}],"about":[{"href":"https:\/\/sg-untere-fils.de\/wp3\/wp-json\/wp\/v2\/types\/page"}],"author":[{"embeddable":true,"href":"https:\/\/sg-untere-fils.de\/wp3\/wp-json\/wp\/v2\/users\/1"}],"replies":[{"embeddable":true,"href":"https:\/\/sg-untere-fils.de\/wp3\/wp-json\/wp\/v2\/comments?post=4080"}],"version-history":[{"count":10,"href":"https:\/\/sg-untere-fils.de\/wp3\/wp-json\/wp\/v2\/pages\/4080\/revisions"}],"predecessor-version":[{"id":4090,"href":"https:\/\/sg-untere-fils.de\/wp3\/wp-json\/wp\/v2\/pages\/4080\/revisions\/4090"}],"wp:attachment":[{"href":"https:\/\/sg-untere-fils.de\/wp3\/wp-json\/wp\/v2\/media?parent=4080"}],"curies":[{"name":"wp","href":"https:\/\/api.w.org\/{rel}","templated":true}]}}