{"id":3560,"date":"2025-07-02T13:52:03","date_gmt":"2025-07-02T13:52:03","guid":{"rendered":"https:\/\/sg-untere-fils.de\/wp3\/?page_id=3560"},"modified":"2025-08-22T08:12:23","modified_gmt":"2025-08-22T08:12:23","slug":"c3-jugend-weiblich-bezirksklasse","status":"publish","type":"page","link":"https:\/\/sg-untere-fils.de\/wp3\/c3-jugend-weiblich-bezirksklasse\/","title":{"rendered":"C3-Jugend weiblich &#8211; Bezirksklasse"},"content":{"rendered":"\t\t<div data-elementor-type=\"wp-page\" data-elementor-id=\"3560\" class=\"elementor elementor-3560\" data-elementor-post-type=\"page\">\n\t\t\t\t<div class=\"elementor-element elementor-element-93263f3 e-flex e-con-boxed e-con e-parent\" data-id=\"93263f3\" data-element_type=\"container\" data-e-type=\"container\" data-settings=\"{&quot;background_background&quot;:&quot;classic&quot;}\">\n\t\t\t\t\t<div class=\"e-con-inner\">\n\t\t<div class=\"elementor-element elementor-element-6c32ff7 e-flex e-con-boxed e-con e-child\" data-id=\"6c32ff7\" data-element_type=\"container\" data-e-type=\"container\">\n\t\t\t\t\t<div class=\"e-con-inner\">\n\t\t\t\t<div class=\"elementor-element elementor-element-888fcee elementor-widget elementor-widget-heading\" data-id=\"888fcee\" data-element_type=\"widget\" data-e-type=\"widget\" data-widget_type=\"heading.default\">\n\t\t\t\t<div class=\"elementor-widget-container\">\n\t\t\t\t\t<h2 class=\"elementor-heading-title elementor-size-default\">C3 weiblich <br>Bezirksklasse<\/h2>\t\t\t\t<\/div>\n\t\t\t\t<\/div>\n\t\t\t\t\t<\/div>\n\t\t\t\t<\/div>\n\t\t\t\t\t<\/div>\n\t\t\t\t<\/div>\n\t\t<div class=\"elementor-element elementor-element-292a0ba e-flex e-con-boxed e-con e-parent\" data-id=\"292a0ba\" data-element_type=\"container\" data-e-type=\"container\">\n\t\t\t\t\t<div class=\"e-con-inner\">\n\t\t\t\t<div class=\"elementor-element elementor-element-b6eb6f8 elementor-widget elementor-widget-text-editor\" data-id=\"b6eb6f8\" data-element_type=\"widget\" data-e-type=\"widget\" data-widget_type=\"text-editor.default\">\n\t\t\t\t<div class=\"elementor-widget-container\">\n\t\t\t\t\t\t\t\t\t<p>\u00a0<\/p><p><a href=\"#Team_Saison\">Saison 2025\/2026<\/a>\u00a0\/\/\u00a0<a href=\"#Team_Tabelle\">Tabelle <\/a>\/\/<a href=\"#Team_Aktuelle_Spiele\">Aktuelle Spiele <\/a>\/\/\u00a0<a href=\"#Team_news\">Team News<\/a><\/p>\t\t\t\t\t\t\t\t<\/div>\n\t\t\t\t<\/div>\n\t\t\t\t\t<\/div>\n\t\t\t\t<\/div>\n\t\t<div class=\"elementor-element elementor-element-4cb475b e-flex e-con-boxed e-con e-parent\" data-id=\"4cb475b\" data-element_type=\"container\" data-e-type=\"container\">\n\t\t\t\t\t<div class=\"e-con-inner\">\n\t\t<div class=\"elementor-element elementor-element-9741bfd e-con-full e-flex e-con e-child\" data-id=\"9741bfd\" data-element_type=\"container\" data-e-type=\"container\">\n\t\t\t\t<div class=\"elementor-element elementor-element-d90ef00 elementor-widget elementor-widget-image\" data-id=\"d90ef00\" data-element_type=\"widget\" data-e-type=\"widget\" data-widget_type=\"image.default\">\n\t\t\t\t<div class=\"elementor-widget-container\">\n\t\t\t\t\t\t\t\t\t\t\t\t\t\t\t\t<a href=\"https:\/\/sg-untere-fils.de\/wp3\/wp-content\/uploads\/2025\/07\/mC3_2025-2026_frei_kl.jpg\" data-elementor-open-lightbox=\"yes\" data-elementor-lightbox-title=\"mC3_2025-2026_frei_kl\" data-e-action-hash=\"#elementor-action%3Aaction%3Dlightbox%26settings%3DeyJpZCI6MzcwOCwidXJsIjoiaHR0cHM6XC9cL3NnLXVudGVyZS1maWxzLmRlXC93cDNcL3dwLWNvbnRlbnRcL3VwbG9hZHNcLzIwMjVcLzA3XC9tQzNfMjAyNS0yMDI2X2ZyZWlfa2wuanBnIn0%3D\">\n\t\t\t\t\t\t\t<img fetchpriority=\"high\" decoding=\"async\" width=\"1400\" height=\"735\" src=\"https:\/\/sg-untere-fils.de\/wp3\/wp-content\/uploads\/2025\/07\/mC3_2025-2026_frei_kl.jpg\" class=\"attachment-full size-full wp-image-3708\" alt=\"\" srcset=\"https:\/\/sg-untere-fils.de\/wp3\/wp-content\/uploads\/2025\/07\/mC3_2025-2026_frei_kl.jpg 1400w, https:\/\/sg-untere-fils.de\/wp3\/wp-content\/uploads\/2025\/07\/mC3_2025-2026_frei_kl-300x158.jpg 300w, https:\/\/sg-untere-fils.de\/wp3\/wp-content\/uploads\/2025\/07\/mC3_2025-2026_frei_kl-1024x538.jpg 1024w, https:\/\/sg-untere-fils.de\/wp3\/wp-content\/uploads\/2025\/07\/mC3_2025-2026_frei_kl-768x403.jpg 768w\" sizes=\"(max-width: 1400px) 100vw, 1400px\" \/>\t\t\t\t\t\t\t\t<\/a>\n\t\t\t\t\t\t\t\t\t\t\t\t\t\t\t<\/div>\n\t\t\t\t<\/div>\n\t\t\t\t<\/div>\n\t\t<div class=\"elementor-element elementor-element-458f621 e-con-full e-flex e-con e-child\" data-id=\"458f621\" data-element_type=\"container\" data-e-type=\"container\">\n\t\t\t\t<div class=\"elementor-element elementor-element-57ee7d9 elementor-widget elementor-widget-heading\" data-id=\"57ee7d9\" data-element_type=\"widget\" data-e-type=\"widget\" data-widget_type=\"heading.default\">\n\t\t\t\t<div class=\"elementor-widget-container\">\n\t\t\t\t\t<h5 class=\"elementor-heading-title elementor-size-default\">Team<\/h5>\t\t\t\t<\/div>\n\t\t\t\t<\/div>\n\t\t\t\t<div class=\"elementor-element elementor-element-9dbc1b1 elementor-widget elementor-widget-text-editor\" data-id=\"9dbc1b1\" data-element_type=\"widget\" data-e-type=\"widget\" data-widget_type=\"text-editor.default\">\n\t\t\t\t<div class=\"elementor-widget-container\">\n\t\t\t\t\t\t\t\t\t<p><strong>Spielerinnen<\/strong><\/p><p>Amelie Phung, Izla Tunc, Fiona Ratzek, Leonisa Blakaj, Luisa Heinl, Jette Schuh, Laura-Sophie Binder, Vorne v. L. Luisa Anders, Lucy Schulze, Lena Anders, Alena Thurner, Hanna Rechert, Luisa Greschner, Linda Vlahek. Auf dem Bild fehlen: Antonia Seebich und Leni Spieth.<\/p><p>\u00a0<\/p><p><strong>Trainerteam<\/strong><\/p><p>Jana Erfle und Karl Neher<\/p>\t\t\t\t\t\t\t\t<\/div>\n\t\t\t\t<\/div>\n\t\t\t\t<\/div>\n\t\t\t\t\t<\/div>\n\t\t\t\t<\/div>\n\t\t<div class=\"elementor-element elementor-element-1d683b0 e-flex e-con-boxed e-con e-parent\" data-id=\"1d683b0\" data-element_type=\"container\" data-e-type=\"container\">\n\t\t\t\t\t<div class=\"e-con-inner\">\n\t\t\t\t<div class=\"elementor-element elementor-element-7bec87a elementor-widget elementor-widget-menu-anchor\" data-id=\"7bec87a\" data-element_type=\"widget\" data-e-type=\"widget\" data-widget_type=\"menu-anchor.default\">\n\t\t\t\t<div class=\"elementor-widget-container\">\n\t\t\t\t\t\t\t<div class=\"elementor-menu-anchor\" id=\"Team_Saison\"><\/div>\n\t\t\t\t\t\t<\/div>\n\t\t\t\t<\/div>\n\t\t\t\t\t<\/div>\n\t\t\t\t<\/div>\n\t\t<div class=\"elementor-element elementor-element-4f26935 e-flex e-con-boxed e-con e-parent\" data-id=\"4f26935\" data-element_type=\"container\" data-e-type=\"container\">\n\t\t\t\t\t<div class=\"e-con-inner\">\n\t\t\t\t<div class=\"elementor-element elementor-element-7eaac9f elementor-widget elementor-widget-heading\" data-id=\"7eaac9f\" data-element_type=\"widget\" data-e-type=\"widget\" data-widget_type=\"heading.default\">\n\t\t\t\t<div class=\"elementor-widget-container\">\n\t\t\t\t\t<h2 class=\"elementor-heading-title elementor-size-default\">Saison 2025\/2026<\/h2>\t\t\t\t<\/div>\n\t\t\t\t<\/div>\n\t\t\t\t\t<\/div>\n\t\t\t\t<\/div>\n\t\t<div class=\"elementor-element elementor-element-ce5fc1e e-flex e-con-boxed e-con e-parent\" data-id=\"ce5fc1e\" data-element_type=\"container\" data-e-type=\"container\">\n\t\t\t\t\t<div class=\"e-con-inner\">\n\t\t\t\t<div class=\"elementor-element elementor-element-7f46955 elementor-widget elementor-widget-text-editor\" data-id=\"7f46955\" data-element_type=\"widget\" data-e-type=\"widget\" data-widget_type=\"text-editor.default\">\n\t\t\t\t<div class=\"elementor-widget-container\">\n\t\t\t\t\t\t\t\t\t<p><strong>R\u00fcckblick auf die abgelaufene Saison 2024\/2025 und die neue Saison 2025\/2026<\/strong><\/p><p>Die abgelaufene Handballsaison war f\u00fcr unsere weibliche D2-Jugendmannschaft ein voller Erfolg! Mit einem hervorragenden 4. Tabellenplatz in der Bezirksklasse haben wir unsere Saisonziele nicht nur erreicht, sondern sogar \u00fcbertroffen. Dieser Erfolg kam durch harte Arbeit, einem tollen Teamgeist und durch die unerm\u00fcdliche Einsatzbereitschaft unserer Spielerinnen zustande.<\/p><p>\u00a0<\/p><p>Ein besonders positiver Aspekt in der abgelaufenen Saison war die gro\u00dfe Anzahl an M\u00e4dels, die uns bei allen Spielen zur Verf\u00fcgung standen. Dies erm\u00f6glichte es uns, flexibel auf die unterschiedlichen Herausforderungen im Spielbetrieb zu reagieren und jeder Spielerin ausreichend Spielzeit zu geben. Die M\u00e4dchen sind nicht nur als Einzelspielerinnen gewachsen, sondern haben sich zu einem richtig tollen Team zusammengefunden. Es war beeindruckend zu sehen, wie sie sich gegenseitig unterst\u00fctzt und motiviert haben, sowohl auf als auch neben dem Spielfeld.<\/p><p>\u00a0<\/p><p>Ein gro\u00dfer Schritt steht nun bevor: Der \u00dcbergang in die C-Jugend. Diese neue Herausforderung wird f\u00fcr unsere 16 M\u00e4dels eine spannende Zeit.<\/p><p>\u00a0<\/p><p>Unsere Hauptziele f\u00fcr die kommende Saison sind, dass alle Spielerinnen ihre handballspezifischen F\u00e4higkeiten und Kompetenzen individuell weiterentwickeln und viel Spielerfahrung sammeln k\u00f6nnen. Au\u00dferdem ist es uns sehr wichtig, dass der Teamgedanke weiter gest\u00e4rkt wird (insbesondere auch mit gemeinsamen Aktionen, wie Besuch von Handballspielen, Pizzaessen und Turnierteilnahmen) und alle Spielerinnen mit gro\u00dfer Freude beim Handballspielen dabei sind bzw. bleiben.\u00a0<\/p><p>\u00a0<\/p><p>In den zwei Qualirunden auf Bezirksebene haben wir bereits sehr ordentliche Ergebnisse erzielt, die uns zeigen, dass wir auf dem richtigen Weg sind. Die M\u00e4dels haben gezeigt, dass sie auch gegen Teams mit einem hohen Anteil an &#8222;\u00e4lteren&#8220; und k\u00f6rperlich \u00fcberlegenen Spielerinnen gut bestehen k\u00f6nnen und sich nicht scheuen, gegen st\u00e4rkere Gegner anzutreten.<\/p><p>Wir sind nun voller Vorfreude auf die neue Saison und sind \u00fcberzeugt, dass wir gemeinsam noch viele Erfolge feiern werden. Ein gro\u00dfes Dankesch\u00f6n geht an alle Eltern und Unterst\u00fctzer, die uns schon \u00fcber ein Jahr begleiten und uns bei Spielen von der Trib\u00fcne aus ganz toll anfeuern. Au\u00dferdem sagen wir &#8222;Danke&#8220; f\u00fcr die Kuchenspenden und geleisteten Thekendienste.<\/p><p>\u00a0<\/p><p><strong>Auf eine erfolgreiche neue Saison!<\/strong><\/p>\t\t\t\t\t\t\t\t<\/div>\n\t\t\t\t<\/div>\n\t\t\t\t\t<\/div>\n\t\t\t\t<\/div>\n\t\t<div class=\"elementor-element elementor-element-d0e67a4 e-flex e-con-boxed e-con e-parent\" data-id=\"d0e67a4\" data-element_type=\"container\" data-e-type=\"container\">\n\t\t\t\t\t<div class=\"e-con-inner\">\n\t\t\t\t<div class=\"elementor-element elementor-element-db58923 elementor-widget elementor-widget-menu-anchor\" data-id=\"db58923\" data-element_type=\"widget\" data-e-type=\"widget\" data-widget_type=\"menu-anchor.default\">\n\t\t\t\t<div class=\"elementor-widget-container\">\n\t\t\t\t\t\t\t<div class=\"elementor-menu-anchor\" id=\"Team_Tabelle\"><\/div>\n\t\t\t\t\t\t<\/div>\n\t\t\t\t<\/div>\n\t\t\t\t\t<\/div>\n\t\t\t\t<\/div>\n\t\t<div class=\"elementor-element elementor-element-2019f67 e-flex e-con-boxed e-con e-parent\" data-id=\"2019f67\" data-element_type=\"container\" data-e-type=\"container\">\n\t\t\t\t\t<div class=\"e-con-inner\">\n\t\t\t\t<div class=\"elementor-element elementor-element-22dbe0b elementor-widget elementor-widget-heading\" data-id=\"22dbe0b\" data-element_type=\"widget\" data-e-type=\"widget\" data-widget_type=\"heading.default\">\n\t\t\t\t<div class=\"elementor-widget-container\">\n\t\t\t\t\t<h2 class=\"elementor-heading-title elementor-size-default\">Tabelle\n<\/h2>\t\t\t\t<\/div>\n\t\t\t\t<\/div>\n\t\t\t\t\t<\/div>\n\t\t\t\t<\/div>\n\t\t<div class=\"elementor-element elementor-element-f270834 e-flex e-con-boxed e-con e-parent\" data-id=\"f270834\" data-element_type=\"container\" data-e-type=\"container\">\n\t\t\t\t\t<div class=\"e-con-inner\">\n\t\t<div class=\"elementor-element elementor-element-d9cf66a e-con-full e-flex e-con e-child\" data-id=\"d9cf66a\" data-element_type=\"container\" data-e-type=\"container\">\n\t\t\t\t<div class=\"elementor-element elementor-element-7c81149 elementor-widget elementor-widget-html\" data-id=\"7c81149\" data-element_type=\"widget\" data-e-type=\"widget\" data-widget_type=\"html.default\">\n\t\t\t\t<div class=\"elementor-widget-container\">\n\t\t\t\t\t<div id='handball-tabelle'><\/div>\n\n<script>\n_hb({\nwidget: 'tabelle',\nteamId: 'handball4all.baden-wuerttemberg.1341251',\ncontainer: 'handball-tabelle'\n})\n<\/script>\n\n<style>\n\n\n.hb-embed__title-container {\n\tborder-bottom-color: #1e79fe;\n}\n\n\n.hb-embed__table thead th {\n  border-bottom-color: #1e79fe;\n}\n\n.hb-embed__btn.hb-embed__btn-primary {\n\n\tbackground-color: #1e79fe;\n\tborder-color: #1e79fe;\n\tcolor: #000;\n}\n\n\n.hb-embed__branding-logo {\n  width: 100px;\n  height: auto;\n}\n\n<\/style>\t\t\t\t<\/div>\n\t\t\t\t<\/div>\n\t\t\t\t<\/div>\n\t\t\t\t\t<\/div>\n\t\t\t\t<\/div>\n\t\t<div class=\"elementor-element elementor-element-73cb19e e-flex e-con-boxed e-con e-parent\" data-id=\"73cb19e\" data-element_type=\"container\" data-e-type=\"container\">\n\t\t\t\t\t<div class=\"e-con-inner\">\n\t\t\t\t<div class=\"elementor-element elementor-element-7a6979d elementor-widget-divider--view-line elementor-widget elementor-widget-divider\" data-id=\"7a6979d\" data-element_type=\"widget\" data-e-type=\"widget\" data-widget_type=\"divider.default\">\n\t\t\t\t<div class=\"elementor-widget-container\">\n\t\t\t\t\t\t\t<div class=\"elementor-divider\">\n\t\t\t<span class=\"elementor-divider-separator\">\n\t\t\t\t\t\t<\/span>\n\t\t<\/div>\n\t\t\t\t\t\t<\/div>\n\t\t\t\t<\/div>\n\t\t\t\t\t<\/div>\n\t\t\t\t<\/div>\n\t\t<div class=\"elementor-element elementor-element-c1e8db4 e-flex e-con-boxed e-con e-parent\" data-id=\"c1e8db4\" data-element_type=\"container\" data-e-type=\"container\">\n\t\t\t\t\t<div class=\"e-con-inner\">\n\t\t\t\t<div class=\"elementor-element elementor-element-14195a6 elementor-widget elementor-widget-menu-anchor\" data-id=\"14195a6\" data-element_type=\"widget\" data-e-type=\"widget\" data-widget_type=\"menu-anchor.default\">\n\t\t\t\t<div class=\"elementor-widget-container\">\n\t\t\t\t\t\t\t<div class=\"elementor-menu-anchor\" id=\"Team_Aktuelle_Spiele\"><\/div>\n\t\t\t\t\t\t<\/div>\n\t\t\t\t<\/div>\n\t\t\t\t\t<\/div>\n\t\t\t\t<\/div>\n\t\t<div class=\"elementor-element elementor-element-204e044 e-flex e-con-boxed e-con e-parent\" data-id=\"204e044\" data-element_type=\"container\" data-e-type=\"container\">\n\t\t\t\t\t<div class=\"e-con-inner\">\n\t\t\t\t<div class=\"elementor-element elementor-element-1ad0db0 elementor-widget elementor-widget-html\" data-id=\"1ad0db0\" data-element_type=\"widget\" data-e-type=\"widget\" data-widget_type=\"html.default\">\n\t\t\t\t<div class=\"elementor-widget-container\">\n\t\t\t\t\t<div id='handball-spielplan'><\/div>\n<script>\n_hb({\nwidget: 'spielplan',\nteamId: 'handball4all.baden-wuerttemberg.1341251',\ncontainer: 'handball-spielplan'\n})\n<\/script>\t\t\t\t<\/div>\n\t\t\t\t<\/div>\n\t\t\t\t\t<\/div>\n\t\t\t\t<\/div>\n\t\t<div class=\"elementor-element elementor-element-2e294c5 e-flex e-con-boxed e-con e-parent\" data-id=\"2e294c5\" data-element_type=\"container\" data-e-type=\"container\">\n\t\t\t\t\t<div class=\"e-con-inner\">\n\t\t\t\t<div class=\"elementor-element elementor-element-e0fec71 elementor-widget elementor-widget-menu-anchor\" data-id=\"e0fec71\" data-element_type=\"widget\" data-e-type=\"widget\" data-widget_type=\"menu-anchor.default\">\n\t\t\t\t<div class=\"elementor-widget-container\">\n\t\t\t\t\t\t\t<div class=\"elementor-menu-anchor\" id=\"Team_news\"><\/div>\n\t\t\t\t\t\t<\/div>\n\t\t\t\t<\/div>\n\t\t\t\t\t<\/div>\n\t\t\t\t<\/div>\n\t\t<div class=\"elementor-element elementor-element-258d384 e-flex e-con-boxed e-con e-parent\" data-id=\"258d384\" data-element_type=\"container\" data-e-type=\"container\">\n\t\t\t\t\t<div class=\"e-con-inner\">\n\t\t\t\t<div class=\"elementor-element elementor-element-073ae5e elementor-widget elementor-widget-heading\" data-id=\"073ae5e\" data-element_type=\"widget\" data-e-type=\"widget\" data-widget_type=\"heading.default\">\n\t\t\t\t<div class=\"elementor-widget-container\">\n\t\t\t\t\t<h2 class=\"elementor-heading-title elementor-size-default\">Team News<\/h2>\t\t\t\t<\/div>\n\t\t\t\t<\/div>\n\t\t\t\t\t<\/div>\n\t\t\t\t<\/div>\n\t\t<div class=\"elementor-element elementor-element-90a2955 e-flex e-con-boxed e-con e-parent\" data-id=\"90a2955\" data-element_type=\"container\" data-e-type=\"container\">\n\t\t\t\t\t<div class=\"e-con-inner\">\n\t\t\t\t\t<\/div>\n\t\t\t\t<\/div>\n\t\t\t\t<\/div>\n\t\t","protected":false},"excerpt":{"rendered":"<p>C3 weiblich Bezirksklasse \u00a0 Saison 2025\/2026\u00a0\/\/\u00a0Tabelle \/\/Aktuelle Spiele \/\/\u00a0Team News Team Spielerinnen Amelie Phung, Izla Tunc, Fiona Ratzek, Leonisa Blakaj, Luisa Heinl, Jette Schuh, Laura-Sophie Binder, Vorne v. L. Luisa Anders, Lucy Schulze, Lena Anders, Alena Thurner, Hanna Rechert, Luisa Greschner, Linda Vlahek. Auf dem Bild fehlen: Antonia Seebich und Leni Spieth. \u00a0 Trainerteam Jana [&hellip;]<\/p>\n","protected":false},"author":1,"featured_media":0,"parent":0,"menu_order":0,"comment_status":"closed","ping_status":"closed","template":"","meta":{"site-sidebar-layout":"no-sidebar","site-content-layout":"page-builder","ast-site-content-layout":"full-width-container","site-content-style":"unboxed","site-sidebar-style":"unboxed","ast-global-header-display":"","ast-banner-title-visibility":"","ast-main-header-display":"","ast-hfb-above-header-display":"","ast-hfb-below-header-display":"","ast-hfb-mobile-header-display":"","site-post-title":"disabled","ast-breadcrumbs-content":"","ast-featured-img":"disabled","footer-sml-layout":"","theme-transparent-header-meta":"enabled","adv-header-id-meta":"","stick-header-meta":"","header-above-stick-meta":"","header-main-stick-meta":"","header-below-stick-meta":"","astra-migrate-meta-layouts":"set","ast-page-background-enabled":"default","ast-page-background-meta":{"desktop":{"background-color":"var(--ast-global-color-4)","background-image":"","background-repeat":"repeat","background-position":"center center","background-size":"auto","background-attachment":"scroll","background-type":"","background-media":"","overlay-type":"","overlay-color":"","overlay-opacity":"","overlay-gradient":""},"tablet":{"background-color":"","background-image":"","background-repeat":"repeat","background-position":"center center","background-size":"auto","background-attachment":"scroll","background-type":"","background-media":"","overlay-type":"","overlay-color":"","overlay-opacity":"","overlay-gradient":""},"mobile":{"background-color":"","background-image":"","background-repeat":"repeat","background-position":"center center","background-size":"auto","background-attachment":"scroll","background-type":"","background-media":"","overlay-type":"","overlay-color":"","overlay-opacity":"","overlay-gradient":""}},"ast-content-background-meta":{"desktop":{"background-color":"var(--ast-global-color-5)","background-image":"","background-repeat":"repeat","background-position":"center center","background-size":"auto","background-attachment":"scroll","background-type":"","background-media":"","overlay-type":"","overlay-color":"","overlay-opacity":"","overlay-gradient":""},"tablet":{"background-color":"var(--ast-global-color-5)","background-image":"","background-repeat":"repeat","background-position":"center center","background-size":"auto","background-attachment":"scroll","background-type":"","background-media":"","overlay-type":"","overlay-color":"","overlay-opacity":"","overlay-gradient":""},"mobile":{"background-color":"var(--ast-global-color-5)","background-image":"","background-repeat":"repeat","background-position":"center center","background-size":"auto","background-attachment":"scroll","background-type":"","background-media":"","overlay-type":"","overlay-color":"","overlay-opacity":"","overlay-gradient":""}},"footnotes":""},"class_list":["post-3560","page","type-page","status-publish","hentry"],"_links":{"self":[{"href":"https:\/\/sg-untere-fils.de\/wp3\/wp-json\/wp\/v2\/pages\/3560","targetHints":{"allow":["GET"]}}],"collection":[{"href":"https:\/\/sg-untere-fils.de\/wp3\/wp-json\/wp\/v2\/pages"}],"about":[{"href":"https:\/\/sg-untere-fils.de\/wp3\/wp-json\/wp\/v2\/types\/page"}],"author":[{"embeddable":true,"href":"https:\/\/sg-untere-fils.de\/wp3\/wp-json\/wp\/v2\/users\/1"}],"replies":[{"embeddable":true,"href":"https:\/\/sg-untere-fils.de\/wp3\/wp-json\/wp\/v2\/comments?post=3560"}],"version-history":[{"count":22,"href":"https:\/\/sg-untere-fils.de\/wp3\/wp-json\/wp\/v2\/pages\/3560\/revisions"}],"predecessor-version":[{"id":4064,"href":"https:\/\/sg-untere-fils.de\/wp3\/wp-json\/wp\/v2\/pages\/3560\/revisions\/4064"}],"wp:attachment":[{"href":"https:\/\/sg-untere-fils.de\/wp3\/wp-json\/wp\/v2\/media?parent=3560"}],"curies":[{"name":"wp","href":"https:\/\/api.w.org\/{rel}","templated":true}]}}