{"id":3540,"date":"2025-07-02T09:53:54","date_gmt":"2025-07-02T09:53:54","guid":{"rendered":"https:\/\/sg-untere-fils.de\/wp3\/?page_id=3540"},"modified":"2025-08-22T16:00:31","modified_gmt":"2025-08-22T16:00:31","slug":"minis-ebersbach-buenzwangen","status":"publish","type":"page","link":"https:\/\/sg-untere-fils.de\/wp3\/minis-ebersbach-buenzwangen\/","title":{"rendered":"Minis Ebersbach\/B\u00fcnzwangen"},"content":{"rendered":"\t\t<div data-elementor-type=\"wp-page\" data-elementor-id=\"3540\" class=\"elementor elementor-3540\" data-elementor-post-type=\"page\">\n\t\t\t\t<div class=\"elementor-element elementor-element-93263f3 e-flex e-con-boxed e-con e-parent\" data-id=\"93263f3\" data-element_type=\"container\" data-e-type=\"container\" data-settings=\"{&quot;background_background&quot;:&quot;classic&quot;}\">\n\t\t\t\t\t<div class=\"e-con-inner\">\n\t\t<div class=\"elementor-element elementor-element-6c32ff7 e-flex e-con-boxed e-con e-child\" data-id=\"6c32ff7\" data-element_type=\"container\" data-e-type=\"container\">\n\t\t\t\t\t<div class=\"e-con-inner\">\n\t\t\t\t<div class=\"elementor-element elementor-element-888fcee elementor-widget elementor-widget-heading\" data-id=\"888fcee\" data-element_type=\"widget\" data-e-type=\"widget\" data-widget_type=\"heading.default\">\n\t\t\t\t<div class=\"elementor-widget-container\">\n\t\t\t\t\t<h1 class=\"elementor-heading-title elementor-size-default\">Minis <br>Ebersbach \/ B\u00fcnzwangen<\/h1>\t\t\t\t<\/div>\n\t\t\t\t<\/div>\n\t\t\t\t\t<\/div>\n\t\t\t\t<\/div>\n\t\t\t\t\t<\/div>\n\t\t\t\t<\/div>\n\t\t<div class=\"elementor-element elementor-element-292a0ba e-flex e-con-boxed e-con e-parent\" data-id=\"292a0ba\" data-element_type=\"container\" data-e-type=\"container\">\n\t\t\t\t\t<div class=\"e-con-inner\">\n\t\t\t\t\t<\/div>\n\t\t\t\t<\/div>\n\t\t<div class=\"elementor-element elementor-element-4cb475b e-flex e-con-boxed e-con e-parent\" data-id=\"4cb475b\" data-element_type=\"container\" data-e-type=\"container\">\n\t\t\t\t\t<div class=\"e-con-inner\">\n\t\t<div class=\"elementor-element elementor-element-9741bfd e-con-full e-flex e-con e-child\" data-id=\"9741bfd\" data-element_type=\"container\" data-e-type=\"container\">\n\t\t\t\t<div class=\"elementor-element elementor-element-d90ef00 elementor-widget elementor-widget-image\" data-id=\"d90ef00\" data-element_type=\"widget\" data-e-type=\"widget\" data-widget_type=\"image.default\">\n\t\t\t\t<div class=\"elementor-widget-container\">\n\t\t\t\t\t\t\t\t\t\t\t\t\t\t\t\t<a href=\"https:\/\/sg-untere-fils.de\/wp3\/wp-content\/uploads\/2025\/07\/Minis_HSG_2025-2026_frei_kl.jpg\" data-elementor-open-lightbox=\"yes\" data-elementor-lightbox-title=\"Minis_HSG_2025-2026_frei_kl\" data-e-action-hash=\"#elementor-action%3Aaction%3Dlightbox%26settings%3DeyJpZCI6Mzc3MywidXJsIjoiaHR0cHM6XC9cL3NnLXVudGVyZS1maWxzLmRlXC93cDNcL3dwLWNvbnRlbnRcL3VwbG9hZHNcLzIwMjVcLzA3XC9NaW5pc19IU0dfMjAyNS0yMDI2X2ZyZWlfa2wuanBnIn0%3D\">\n\t\t\t\t\t\t\t<img fetchpriority=\"high\" decoding=\"async\" width=\"1400\" height=\"735\" src=\"https:\/\/sg-untere-fils.de\/wp3\/wp-content\/uploads\/2025\/07\/Minis_HSG_2025-2026_frei_kl.jpg\" class=\"attachment-full size-full wp-image-3773\" alt=\"\" srcset=\"https:\/\/sg-untere-fils.de\/wp3\/wp-content\/uploads\/2025\/07\/Minis_HSG_2025-2026_frei_kl.jpg 1400w, https:\/\/sg-untere-fils.de\/wp3\/wp-content\/uploads\/2025\/07\/Minis_HSG_2025-2026_frei_kl-300x158.jpg 300w, https:\/\/sg-untere-fils.de\/wp3\/wp-content\/uploads\/2025\/07\/Minis_HSG_2025-2026_frei_kl-1024x538.jpg 1024w, https:\/\/sg-untere-fils.de\/wp3\/wp-content\/uploads\/2025\/07\/Minis_HSG_2025-2026_frei_kl-768x403.jpg 768w\" sizes=\"(max-width: 1400px) 100vw, 1400px\" \/>\t\t\t\t\t\t\t\t<\/a>\n\t\t\t\t\t\t\t\t\t\t\t\t\t\t\t<\/div>\n\t\t\t\t<\/div>\n\t\t\t\t<\/div>\n\t\t<div class=\"elementor-element elementor-element-458f621 e-con-full e-flex e-con e-child\" data-id=\"458f621\" data-element_type=\"container\" data-e-type=\"container\">\n\t\t\t\t<div class=\"elementor-element elementor-element-57ee7d9 elementor-widget elementor-widget-heading\" data-id=\"57ee7d9\" data-element_type=\"widget\" data-e-type=\"widget\" data-widget_type=\"heading.default\">\n\t\t\t\t<div class=\"elementor-widget-container\">\n\t\t\t\t\t<h5 class=\"elementor-heading-title elementor-size-default\">Team<\/h5>\t\t\t\t<\/div>\n\t\t\t\t<\/div>\n\t\t\t\t<div class=\"elementor-element elementor-element-9dbc1b1 elementor-widget elementor-widget-text-editor\" data-id=\"9dbc1b1\" data-element_type=\"widget\" data-e-type=\"widget\" data-widget_type=\"text-editor.default\">\n\t\t\t\t<div class=\"elementor-widget-container\">\n\t\t\t\t\t\t\t\t\t<p><strong>Unsere Kids<\/strong><\/p><p>sind alle voll motiviert!!!<\/p><p><strong>Trainerteam<\/strong><\/p><p>Natalie Mayer, Kathrin Seidel, Lukas Junke, Moritz Digel und Theo Lenzen<\/p>\t\t\t\t\t\t\t\t<\/div>\n\t\t\t\t<\/div>\n\t\t\t\t<\/div>\n\t\t\t\t\t<\/div>\n\t\t\t\t<\/div>\n\t\t<div class=\"elementor-element elementor-element-d0e67a4 e-flex e-con-boxed e-con e-parent\" data-id=\"d0e67a4\" data-element_type=\"container\" data-e-type=\"container\">\n\t\t\t\t\t<div class=\"e-con-inner\">\n\t\t\t\t<div class=\"elementor-element elementor-element-db58923 elementor-widget elementor-widget-menu-anchor\" data-id=\"db58923\" data-element_type=\"widget\" data-e-type=\"widget\" data-widget_type=\"menu-anchor.default\">\n\t\t\t\t<div class=\"elementor-widget-container\">\n\t\t\t\t\t\t\t<div class=\"elementor-menu-anchor\" id=\"Team_Tabelle\"><\/div>\n\t\t\t\t\t\t<\/div>\n\t\t\t\t<\/div>\n\t\t\t\t\t<\/div>\n\t\t\t\t<\/div>\n\t\t<div class=\"elementor-element elementor-element-1d683b0 e-flex e-con-boxed e-con e-parent\" data-id=\"1d683b0\" data-element_type=\"container\" data-e-type=\"container\">\n\t\t\t\t\t<div class=\"e-con-inner\">\n\t\t\t\t<div class=\"elementor-element elementor-element-7bec87a elementor-widget elementor-widget-menu-anchor\" data-id=\"7bec87a\" data-element_type=\"widget\" data-e-type=\"widget\" data-widget_type=\"menu-anchor.default\">\n\t\t\t\t<div class=\"elementor-widget-container\">\n\t\t\t\t\t\t\t<div class=\"elementor-menu-anchor\" id=\"Team_Saison\"><\/div>\n\t\t\t\t\t\t<\/div>\n\t\t\t\t<\/div>\n\t\t\t\t\t<\/div>\n\t\t\t\t<\/div>\n\t\t<div class=\"elementor-element elementor-element-4f26935 e-flex e-con-boxed e-con e-parent\" data-id=\"4f26935\" data-element_type=\"container\" data-e-type=\"container\">\n\t\t\t\t\t<div class=\"e-con-inner\">\n\t\t\t\t<div class=\"elementor-element elementor-element-7eaac9f elementor-widget elementor-widget-heading\" data-id=\"7eaac9f\" data-element_type=\"widget\" data-e-type=\"widget\" data-widget_type=\"heading.default\">\n\t\t\t\t<div class=\"elementor-widget-container\">\n\t\t\t\t\t<h2 class=\"elementor-heading-title elementor-size-default\">Saison 2024\/2025<\/h2>\t\t\t\t<\/div>\n\t\t\t\t<\/div>\n\t\t\t\t\t<\/div>\n\t\t\t\t<\/div>\n\t\t<div class=\"elementor-element elementor-element-ce5fc1e e-flex e-con-boxed e-con e-parent\" data-id=\"ce5fc1e\" data-element_type=\"container\" data-e-type=\"container\">\n\t\t\t\t\t<div class=\"e-con-inner\">\n\t\t\t\t<div class=\"elementor-element elementor-element-7f46955 elementor-widget elementor-widget-text-editor\" data-id=\"7f46955\" data-element_type=\"widget\" data-e-type=\"widget\" data-widget_type=\"text-editor.default\">\n\t\t\t\t<div class=\"elementor-widget-container\">\n\t\t\t\t\t\t\t\t\t<p>Unsere Minimannschaft besteht aus 21 M\u00e4dchen und Jungs im Alter von 6-7 Jahren (2018\/2019).<\/p><p>\u00a0<\/p><p>Spielerisch wollen wir sie f\u00fcr den Handballsport begeistern, indem wir den Teamgeist, die Konzentration, die Koordinationsf\u00e4higkeit, die Kr\u00e4ftigung und die Bewegung mit dem Ball f\u00f6rdern.<\/p><p>\u00a0<\/p><p>Da es in dieser Altersklasse noch keinen Spielrundenbetrieb gibt, nehmen wir im Laufe der Saison an Minispielfesten und Turnieren teil.\u00a0H\u00f6hepunkt wird dieses Jahr die Teilnahme an der Kinderweihnachtsfeier des Turnverein Ebersbach sein, wo wir unser K\u00f6nnen in einem kleinen Auftritt pr\u00e4sentieren werden.<\/p><p>\u00a0<\/p><p>Unser Training findet immer freitags in der Raichbergsporthalle von 16:15 \u2013 17:30 Uhr statt.<\/p><p>\u00a0<\/p><p>Wenn ihr Lust und Freude am Handballsport habt und wir euer Interesse geweckt haben, dann meldet euch unter <a href=\"mailto:mini-ebersbach@sg-untere-fils.de\">mini-ebersbach@sg-untere-fils.de<\/a>.<\/p><p>\u00a0<\/p><p>Wir freuen uns auf Euch<\/p><p>\u00a0<\/p><p>Euer Trainerteam<\/p><p>\u00a0<\/p>\t\t\t\t\t\t\t\t<\/div>\n\t\t\t\t<\/div>\n\t\t\t\t\t<\/div>\n\t\t\t\t<\/div>\n\t\t<div class=\"elementor-element elementor-element-73cb19e e-flex e-con-boxed e-con e-parent\" data-id=\"73cb19e\" data-element_type=\"container\" data-e-type=\"container\">\n\t\t\t\t\t<div class=\"e-con-inner\">\n\t\t\t\t<div class=\"elementor-element elementor-element-7a6979d elementor-widget-divider--view-line elementor-widget elementor-widget-divider\" data-id=\"7a6979d\" data-element_type=\"widget\" data-e-type=\"widget\" data-widget_type=\"divider.default\">\n\t\t\t\t<div class=\"elementor-widget-container\">\n\t\t\t\t\t\t\t<div class=\"elementor-divider\">\n\t\t\t<span class=\"elementor-divider-separator\">\n\t\t\t\t\t\t<\/span>\n\t\t<\/div>\n\t\t\t\t\t\t<\/div>\n\t\t\t\t<\/div>\n\t\t\t\t\t<\/div>\n\t\t\t\t<\/div>\n\t\t<div class=\"elementor-element elementor-element-c1e8db4 e-flex e-con-boxed e-con e-parent\" data-id=\"c1e8db4\" data-element_type=\"container\" data-e-type=\"container\">\n\t\t\t\t\t<div class=\"e-con-inner\">\n\t\t\t\t<div class=\"elementor-element elementor-element-14195a6 elementor-widget elementor-widget-menu-anchor\" data-id=\"14195a6\" data-element_type=\"widget\" data-e-type=\"widget\" data-widget_type=\"menu-anchor.default\">\n\t\t\t\t<div class=\"elementor-widget-container\">\n\t\t\t\t\t\t\t<div class=\"elementor-menu-anchor\" id=\"Team_Aktuelle_Spiele\"><\/div>\n\t\t\t\t\t\t<\/div>\n\t\t\t\t<\/div>\n\t\t\t\t\t<\/div>\n\t\t\t\t<\/div>\n\t\t\t\t<\/div>\n\t\t","protected":false},"excerpt":{"rendered":"<p>Minis Ebersbach \/ B\u00fcnzwangen Team Unsere Kids sind alle voll motiviert!!! Trainerteam Natalie Mayer, Kathrin Seidel, Lukas Junke, Moritz Digel und Theo Lenzen Saison 2024\/2025 Unsere Minimannschaft besteht aus 21 M\u00e4dchen und Jungs im Alter von 6-7 Jahren (2018\/2019). \u00a0 Spielerisch wollen wir sie f\u00fcr den Handballsport begeistern, indem wir den Teamgeist, die Konzentration, die [&hellip;]<\/p>\n","protected":false},"author":1,"featured_media":0,"parent":0,"menu_order":0,"comment_status":"closed","ping_status":"closed","template":"","meta":{"site-sidebar-layout":"no-sidebar","site-content-layout":"page-builder","ast-site-content-layout":"full-width-container","site-content-style":"unboxed","site-sidebar-style":"unboxed","ast-global-header-display":"","ast-banner-title-visibility":"","ast-main-header-display":"","ast-hfb-above-header-display":"","ast-hfb-below-header-display":"","ast-hfb-mobile-header-display":"","site-post-title":"disabled","ast-breadcrumbs-content":"","ast-featured-img":"disabled","footer-sml-layout":"","theme-transparent-header-meta":"enabled","adv-header-id-meta":"","stick-header-meta":"","header-above-stick-meta":"","header-main-stick-meta":"","header-below-stick-meta":"","astra-migrate-meta-layouts":"set","ast-page-background-enabled":"default","ast-page-background-meta":{"desktop":{"background-color":"var(--ast-global-color-4)","background-image":"","background-repeat":"repeat","background-position":"center center","background-size":"auto","background-attachment":"scroll","background-type":"","background-media":"","overlay-type":"","overlay-color":"","overlay-opacity":"","overlay-gradient":""},"tablet":{"background-color":"","background-image":"","background-repeat":"repeat","background-position":"center center","background-size":"auto","background-attachment":"scroll","background-type":"","background-media":"","overlay-type":"","overlay-color":"","overlay-opacity":"","overlay-gradient":""},"mobile":{"background-color":"","background-image":"","background-repeat":"repeat","background-position":"center center","background-size":"auto","background-attachment":"scroll","background-type":"","background-media":"","overlay-type":"","overlay-color":"","overlay-opacity":"","overlay-gradient":""}},"ast-content-background-meta":{"desktop":{"background-color":"var(--ast-global-color-5)","background-image":"","background-repeat":"repeat","background-position":"center center","background-size":"auto","background-attachment":"scroll","background-type":"","background-media":"","overlay-type":"","overlay-color":"","overlay-opacity":"","overlay-gradient":""},"tablet":{"background-color":"var(--ast-global-color-5)","background-image":"","background-repeat":"repeat","background-position":"center center","background-size":"auto","background-attachment":"scroll","background-type":"","background-media":"","overlay-type":"","overlay-color":"","overlay-opacity":"","overlay-gradient":""},"mobile":{"background-color":"var(--ast-global-color-5)","background-image":"","background-repeat":"repeat","background-position":"center center","background-size":"auto","background-attachment":"scroll","background-type":"","background-media":"","overlay-type":"","overlay-color":"","overlay-opacity":"","overlay-gradient":""}},"footnotes":""},"class_list":["post-3540","page","type-page","status-publish","hentry"],"_links":{"self":[{"href":"https:\/\/sg-untere-fils.de\/wp3\/wp-json\/wp\/v2\/pages\/3540","targetHints":{"allow":["GET"]}}],"collection":[{"href":"https:\/\/sg-untere-fils.de\/wp3\/wp-json\/wp\/v2\/pages"}],"about":[{"href":"https:\/\/sg-untere-fils.de\/wp3\/wp-json\/wp\/v2\/types\/page"}],"author":[{"embeddable":true,"href":"https:\/\/sg-untere-fils.de\/wp3\/wp-json\/wp\/v2\/users\/1"}],"replies":[{"embeddable":true,"href":"https:\/\/sg-untere-fils.de\/wp3\/wp-json\/wp\/v2\/comments?post=3540"}],"version-history":[{"count":16,"href":"https:\/\/sg-untere-fils.de\/wp3\/wp-json\/wp\/v2\/pages\/3540\/revisions"}],"predecessor-version":[{"id":4097,"href":"https:\/\/sg-untere-fils.de\/wp3\/wp-json\/wp\/v2\/pages\/3540\/revisions\/4097"}],"wp:attachment":[{"href":"https:\/\/sg-untere-fils.de\/wp3\/wp-json\/wp\/v2\/media?parent=3540"}],"curies":[{"name":"wp","href":"https:\/\/api.w.org\/{rel}","templated":true}]}}