{"id":3341,"date":"2025-07-01T07:13:40","date_gmt":"2025-07-01T07:13:40","guid":{"rendered":"https:\/\/sg-untere-fils.de\/wp3\/?page_id=3341"},"modified":"2025-08-21T14:29:46","modified_gmt":"2025-08-21T14:29:46","slug":"a1-jugend-weiblich-bezirksliga","status":"publish","type":"page","link":"https:\/\/sg-untere-fils.de\/wp3\/a1-jugend-weiblich-bezirksliga\/","title":{"rendered":"A-Jugend weiblich &#8211; Bezirksliga"},"content":{"rendered":"\t\t<div data-elementor-type=\"wp-page\" data-elementor-id=\"3341\" class=\"elementor elementor-3341\" data-elementor-post-type=\"page\">\n\t\t\t\t<div class=\"elementor-element elementor-element-93263f3 e-flex e-con-boxed e-con e-parent\" data-id=\"93263f3\" data-element_type=\"container\" data-e-type=\"container\" data-settings=\"{&quot;background_background&quot;:&quot;classic&quot;}\">\n\t\t\t\t\t<div class=\"e-con-inner\">\n\t\t<div class=\"elementor-element elementor-element-6c32ff7 e-flex e-con-boxed e-con e-child\" data-id=\"6c32ff7\" data-element_type=\"container\" data-e-type=\"container\">\n\t\t\t\t\t<div class=\"e-con-inner\">\n\t\t\t\t<div class=\"elementor-element elementor-element-888fcee elementor-widget elementor-widget-heading\" data-id=\"888fcee\" data-element_type=\"widget\" data-e-type=\"widget\" data-widget_type=\"heading.default\">\n\t\t\t\t<div class=\"elementor-widget-container\">\n\t\t\t\t\t<h2 class=\"elementor-heading-title elementor-size-default\">A weiblich<br>Bezirksliga<\/h2>\t\t\t\t<\/div>\n\t\t\t\t<\/div>\n\t\t\t\t\t<\/div>\n\t\t\t\t<\/div>\n\t\t\t\t\t<\/div>\n\t\t\t\t<\/div>\n\t\t<div class=\"elementor-element elementor-element-292a0ba e-flex e-con-boxed e-con e-parent\" data-id=\"292a0ba\" data-element_type=\"container\" data-e-type=\"container\">\n\t\t\t\t\t<div class=\"e-con-inner\">\n\t\t\t\t<div class=\"elementor-element elementor-element-b6eb6f8 elementor-widget elementor-widget-text-editor\" data-id=\"b6eb6f8\" data-element_type=\"widget\" data-e-type=\"widget\" data-widget_type=\"text-editor.default\">\n\t\t\t\t<div class=\"elementor-widget-container\">\n\t\t\t\t\t\t\t\t\t<p>\u00a0<a href=\"#Team_Saison\">Saison 2025\/2026<\/a>\u00a0\/\/\u00a0<a href=\"#Team_Tabelle\">Tabelle <\/a>\/\/<a href=\"#Team_Aktuelle_Spiele\">Aktuelle Spiele <\/a>\/\/\u00a0<a href=\"#Team_news\">Team News<\/a><\/p>\t\t\t\t\t\t\t\t<\/div>\n\t\t\t\t<\/div>\n\t\t\t\t\t<\/div>\n\t\t\t\t<\/div>\n\t\t<div class=\"elementor-element elementor-element-4cb475b e-flex e-con-boxed e-con e-parent\" data-id=\"4cb475b\" data-element_type=\"container\" data-e-type=\"container\">\n\t\t\t\t\t<div class=\"e-con-inner\">\n\t\t<div class=\"elementor-element elementor-element-9741bfd e-con-full e-flex e-con e-child\" data-id=\"9741bfd\" data-element_type=\"container\" data-e-type=\"container\">\n\t\t\t\t<div class=\"elementor-element elementor-element-d90ef00 elementor-widget elementor-widget-image\" data-id=\"d90ef00\" data-element_type=\"widget\" data-e-type=\"widget\" data-widget_type=\"image.default\">\n\t\t\t\t<div class=\"elementor-widget-container\">\n\t\t\t\t\t\t\t\t\t\t\t\t\t\t\t\t<a href=\"https:\/\/sg-untere-fils.de\/wp3\/wp-content\/uploads\/2025\/07\/wA_2025-2026_frei_kl.jpg\" data-elementor-open-lightbox=\"yes\" data-elementor-lightbox-title=\"wA_2025-2026_frei_kl\" data-e-action-hash=\"#elementor-action%3Aaction%3Dlightbox%26settings%3DeyJpZCI6MzYxMSwidXJsIjoiaHR0cHM6XC9cL3NnLXVudGVyZS1maWxzLmRlXC93cDNcL3dwLWNvbnRlbnRcL3VwbG9hZHNcLzIwMjVcLzA3XC93QV8yMDI1LTIwMjZfZnJlaV9rbC5qcGcifQ%3D%3D\">\n\t\t\t\t\t\t\t<img fetchpriority=\"high\" decoding=\"async\" width=\"1400\" height=\"735\" src=\"https:\/\/sg-untere-fils.de\/wp3\/wp-content\/uploads\/2025\/07\/wA_2025-2026_frei_kl.jpg\" class=\"attachment-full size-full wp-image-3611\" alt=\"\" srcset=\"https:\/\/sg-untere-fils.de\/wp3\/wp-content\/uploads\/2025\/07\/wA_2025-2026_frei_kl.jpg 1400w, https:\/\/sg-untere-fils.de\/wp3\/wp-content\/uploads\/2025\/07\/wA_2025-2026_frei_kl-300x158.jpg 300w, https:\/\/sg-untere-fils.de\/wp3\/wp-content\/uploads\/2025\/07\/wA_2025-2026_frei_kl-1024x538.jpg 1024w, https:\/\/sg-untere-fils.de\/wp3\/wp-content\/uploads\/2025\/07\/wA_2025-2026_frei_kl-768x403.jpg 768w\" sizes=\"(max-width: 1400px) 100vw, 1400px\" \/>\t\t\t\t\t\t\t\t<\/a>\n\t\t\t\t\t\t\t\t\t\t\t\t\t\t\t<\/div>\n\t\t\t\t<\/div>\n\t\t\t\t<\/div>\n\t\t<div class=\"elementor-element elementor-element-458f621 e-con-full e-flex e-con e-child\" data-id=\"458f621\" data-element_type=\"container\" data-e-type=\"container\">\n\t\t\t\t<div class=\"elementor-element elementor-element-57ee7d9 elementor-widget elementor-widget-heading\" data-id=\"57ee7d9\" data-element_type=\"widget\" data-e-type=\"widget\" data-widget_type=\"heading.default\">\n\t\t\t\t<div class=\"elementor-widget-container\">\n\t\t\t\t\t<h5 class=\"elementor-heading-title elementor-size-default\">Team<\/h5>\t\t\t\t<\/div>\n\t\t\t\t<\/div>\n\t\t\t\t<div class=\"elementor-element elementor-element-9dbc1b1 elementor-widget elementor-widget-text-editor\" data-id=\"9dbc1b1\" data-element_type=\"widget\" data-e-type=\"widget\" data-widget_type=\"text-editor.default\">\n\t\t\t\t<div class=\"elementor-widget-container\">\n\t\t\t\t\t\t\t\t\t<p><strong>Spielerinnen<\/strong><\/p><p>Alisa Buchele, Rebecca Cebe, Lea Diminidis, Anna Eisele, Jennifer Farrel, Mirijam Greiner, Tuana Hayvali, Flora Hetzel, Alena Kiziltan, Lene Klein, Leni Schmidtke, Johanna Stahl, Lena Streicher, Hanna Strobel, Tessa M\u00fcller.<\/p><p><strong>Trainerteam<\/strong><\/p><p>Nicole Aurenz, Melanie Aurenz und Ann-Kathrin Karpischek<\/p>\t\t\t\t\t\t\t\t<\/div>\n\t\t\t\t<\/div>\n\t\t\t\t<\/div>\n\t\t\t\t\t<\/div>\n\t\t\t\t<\/div>\n\t\t<div class=\"elementor-element elementor-element-5e95da7 e-flex e-con-boxed e-con e-parent\" data-id=\"5e95da7\" data-element_type=\"container\" data-e-type=\"container\">\n\t\t\t\t\t<div class=\"e-con-inner\">\n\t\t\t\t<div class=\"elementor-element elementor-element-1e65ad4 gallery-spacing-custom elementor-widget elementor-widget-image-gallery\" data-id=\"1e65ad4\" data-element_type=\"widget\" data-e-type=\"widget\" data-widget_type=\"image-gallery.default\">\n\t\t\t\t<div class=\"elementor-widget-container\">\n\t\t\t\t\t\t\t<div class=\"elementor-image-gallery\">\n\t\t\t<div id='gallery-1' class='gallery galleryid-3341 gallery-columns-3 gallery-size-medium'><figure class='gallery-item'>\n\t\t\t<div class='gallery-icon portrait'>\n\t\t\t\t<a data-elementor-open-lightbox=\"yes\" data-elementor-lightbox-slideshow=\"1e65ad4\" data-elementor-lightbox-title=\"1\" data-e-action-hash=\"#elementor-action%3Aaction%3Dlightbox%26settings%3DeyJpZCI6Mzg4MiwidXJsIjoiaHR0cHM6XC9cL3NnLXVudGVyZS1maWxzLmRlXC93cDNcL3dwLWNvbnRlbnRcL3VwbG9hZHNcLzIwMjVcLzA3XC8xLmpwZyIsInNsaWRlc2hvdyI6IjFlNjVhZDQifQ%3D%3D\" href='https:\/\/sg-untere-fils.de\/wp3\/wp-content\/uploads\/2025\/07\/1.jpg'><img decoding=\"async\" width=\"240\" height=\"300\" src=\"https:\/\/sg-untere-fils.de\/wp3\/wp-content\/uploads\/2025\/07\/1-240x300.jpg\" class=\"attachment-medium size-medium\" alt=\"\" srcset=\"https:\/\/sg-untere-fils.de\/wp3\/wp-content\/uploads\/2025\/07\/1-240x300.jpg 240w, https:\/\/sg-untere-fils.de\/wp3\/wp-content\/uploads\/2025\/07\/1-819x1024.jpg 819w, https:\/\/sg-untere-fils.de\/wp3\/wp-content\/uploads\/2025\/07\/1-768x960.jpg 768w, https:\/\/sg-untere-fils.de\/wp3\/wp-content\/uploads\/2025\/07\/1.jpg 1080w\" sizes=\"(max-width: 240px) 100vw, 240px\" \/><\/a>\n\t\t\t<\/div><\/figure><figure class='gallery-item'>\n\t\t\t<div class='gallery-icon portrait'>\n\t\t\t\t<a data-elementor-open-lightbox=\"yes\" data-elementor-lightbox-slideshow=\"1e65ad4\" data-elementor-lightbox-title=\"2\" data-e-action-hash=\"#elementor-action%3Aaction%3Dlightbox%26settings%3DeyJpZCI6Mzg4MywidXJsIjoiaHR0cHM6XC9cL3NnLXVudGVyZS1maWxzLmRlXC93cDNcL3dwLWNvbnRlbnRcL3VwbG9hZHNcLzIwMjVcLzA3XC8yLmpwZyIsInNsaWRlc2hvdyI6IjFlNjVhZDQifQ%3D%3D\" href='https:\/\/sg-untere-fils.de\/wp3\/wp-content\/uploads\/2025\/07\/2.jpg'><img decoding=\"async\" width=\"240\" height=\"300\" src=\"https:\/\/sg-untere-fils.de\/wp3\/wp-content\/uploads\/2025\/07\/2-240x300.jpg\" class=\"attachment-medium size-medium\" alt=\"\" srcset=\"https:\/\/sg-untere-fils.de\/wp3\/wp-content\/uploads\/2025\/07\/2-240x300.jpg 240w, https:\/\/sg-untere-fils.de\/wp3\/wp-content\/uploads\/2025\/07\/2-819x1024.jpg 819w, https:\/\/sg-untere-fils.de\/wp3\/wp-content\/uploads\/2025\/07\/2-768x960.jpg 768w, https:\/\/sg-untere-fils.de\/wp3\/wp-content\/uploads\/2025\/07\/2.jpg 1080w\" sizes=\"(max-width: 240px) 100vw, 240px\" \/><\/a>\n\t\t\t<\/div><\/figure><figure class='gallery-item'>\n\t\t\t<div class='gallery-icon portrait'>\n\t\t\t\t<a data-elementor-open-lightbox=\"yes\" data-elementor-lightbox-slideshow=\"1e65ad4\" data-elementor-lightbox-title=\"3\" data-e-action-hash=\"#elementor-action%3Aaction%3Dlightbox%26settings%3DeyJpZCI6Mzg4NCwidXJsIjoiaHR0cHM6XC9cL3NnLXVudGVyZS1maWxzLmRlXC93cDNcL3dwLWNvbnRlbnRcL3VwbG9hZHNcLzIwMjVcLzA3XC8zLmpwZyIsInNsaWRlc2hvdyI6IjFlNjVhZDQifQ%3D%3D\" href='https:\/\/sg-untere-fils.de\/wp3\/wp-content\/uploads\/2025\/07\/3.jpg'><img loading=\"lazy\" decoding=\"async\" width=\"240\" height=\"300\" src=\"https:\/\/sg-untere-fils.de\/wp3\/wp-content\/uploads\/2025\/07\/3-240x300.jpg\" class=\"attachment-medium size-medium\" alt=\"\" srcset=\"https:\/\/sg-untere-fils.de\/wp3\/wp-content\/uploads\/2025\/07\/3-240x300.jpg 240w, https:\/\/sg-untere-fils.de\/wp3\/wp-content\/uploads\/2025\/07\/3-819x1024.jpg 819w, https:\/\/sg-untere-fils.de\/wp3\/wp-content\/uploads\/2025\/07\/3-768x960.jpg 768w, https:\/\/sg-untere-fils.de\/wp3\/wp-content\/uploads\/2025\/07\/3.jpg 1080w\" sizes=\"(max-width: 240px) 100vw, 240px\" \/><\/a>\n\t\t\t<\/div><\/figure><figure class='gallery-item'>\n\t\t\t<div class='gallery-icon portrait'>\n\t\t\t\t<a data-elementor-open-lightbox=\"yes\" data-elementor-lightbox-slideshow=\"1e65ad4\" data-elementor-lightbox-title=\"4\" data-e-action-hash=\"#elementor-action%3Aaction%3Dlightbox%26settings%3DeyJpZCI6Mzg4NSwidXJsIjoiaHR0cHM6XC9cL3NnLXVudGVyZS1maWxzLmRlXC93cDNcL3dwLWNvbnRlbnRcL3VwbG9hZHNcLzIwMjVcLzA3XC80LmpwZyIsInNsaWRlc2hvdyI6IjFlNjVhZDQifQ%3D%3D\" href='https:\/\/sg-untere-fils.de\/wp3\/wp-content\/uploads\/2025\/07\/4.jpg'><img loading=\"lazy\" decoding=\"async\" width=\"240\" height=\"300\" src=\"https:\/\/sg-untere-fils.de\/wp3\/wp-content\/uploads\/2025\/07\/4-240x300.jpg\" class=\"attachment-medium size-medium\" alt=\"\" srcset=\"https:\/\/sg-untere-fils.de\/wp3\/wp-content\/uploads\/2025\/07\/4-240x300.jpg 240w, https:\/\/sg-untere-fils.de\/wp3\/wp-content\/uploads\/2025\/07\/4-819x1024.jpg 819w, https:\/\/sg-untere-fils.de\/wp3\/wp-content\/uploads\/2025\/07\/4-768x960.jpg 768w, https:\/\/sg-untere-fils.de\/wp3\/wp-content\/uploads\/2025\/07\/4.jpg 1080w\" sizes=\"(max-width: 240px) 100vw, 240px\" \/><\/a>\n\t\t\t<\/div><\/figure><figure class='gallery-item'>\n\t\t\t<div class='gallery-icon portrait'>\n\t\t\t\t<a data-elementor-open-lightbox=\"yes\" data-elementor-lightbox-slideshow=\"1e65ad4\" data-elementor-lightbox-title=\"5\" data-e-action-hash=\"#elementor-action%3Aaction%3Dlightbox%26settings%3DeyJpZCI6Mzg4NiwidXJsIjoiaHR0cHM6XC9cL3NnLXVudGVyZS1maWxzLmRlXC93cDNcL3dwLWNvbnRlbnRcL3VwbG9hZHNcLzIwMjVcLzA3XC81LmpwZyIsInNsaWRlc2hvdyI6IjFlNjVhZDQifQ%3D%3D\" href='https:\/\/sg-untere-fils.de\/wp3\/wp-content\/uploads\/2025\/07\/5.jpg'><img loading=\"lazy\" decoding=\"async\" width=\"240\" height=\"300\" src=\"https:\/\/sg-untere-fils.de\/wp3\/wp-content\/uploads\/2025\/07\/5-240x300.jpg\" class=\"attachment-medium size-medium\" alt=\"\" srcset=\"https:\/\/sg-untere-fils.de\/wp3\/wp-content\/uploads\/2025\/07\/5-240x300.jpg 240w, https:\/\/sg-untere-fils.de\/wp3\/wp-content\/uploads\/2025\/07\/5-819x1024.jpg 819w, https:\/\/sg-untere-fils.de\/wp3\/wp-content\/uploads\/2025\/07\/5-768x960.jpg 768w, https:\/\/sg-untere-fils.de\/wp3\/wp-content\/uploads\/2025\/07\/5.jpg 1080w\" sizes=\"(max-width: 240px) 100vw, 240px\" \/><\/a>\n\t\t\t<\/div><\/figure><figure class='gallery-item'>\n\t\t\t<div class='gallery-icon portrait'>\n\t\t\t\t<a data-elementor-open-lightbox=\"yes\" data-elementor-lightbox-slideshow=\"1e65ad4\" data-elementor-lightbox-title=\"6\" data-e-action-hash=\"#elementor-action%3Aaction%3Dlightbox%26settings%3DeyJpZCI6Mzg4NywidXJsIjoiaHR0cHM6XC9cL3NnLXVudGVyZS1maWxzLmRlXC93cDNcL3dwLWNvbnRlbnRcL3VwbG9hZHNcLzIwMjVcLzA3XC82LmpwZyIsInNsaWRlc2hvdyI6IjFlNjVhZDQifQ%3D%3D\" href='https:\/\/sg-untere-fils.de\/wp3\/wp-content\/uploads\/2025\/07\/6.jpg'><img loading=\"lazy\" decoding=\"async\" width=\"240\" height=\"300\" src=\"https:\/\/sg-untere-fils.de\/wp3\/wp-content\/uploads\/2025\/07\/6-240x300.jpg\" class=\"attachment-medium size-medium\" alt=\"\" srcset=\"https:\/\/sg-untere-fils.de\/wp3\/wp-content\/uploads\/2025\/07\/6-240x300.jpg 240w, https:\/\/sg-untere-fils.de\/wp3\/wp-content\/uploads\/2025\/07\/6-819x1024.jpg 819w, https:\/\/sg-untere-fils.de\/wp3\/wp-content\/uploads\/2025\/07\/6-768x960.jpg 768w, https:\/\/sg-untere-fils.de\/wp3\/wp-content\/uploads\/2025\/07\/6.jpg 1080w\" sizes=\"(max-width: 240px) 100vw, 240px\" \/><\/a>\n\t\t\t<\/div><\/figure>\n\t\t<\/div>\n\t\t<\/div>\n\t\t\t\t\t\t<\/div>\n\t\t\t\t<\/div>\n\t\t\t\t\t<\/div>\n\t\t\t\t<\/div>\n\t\t<div class=\"elementor-element elementor-element-1d683b0 e-flex e-con-boxed e-con e-parent\" data-id=\"1d683b0\" data-element_type=\"container\" data-e-type=\"container\">\n\t\t\t\t\t<div class=\"e-con-inner\">\n\t\t\t\t<div class=\"elementor-element elementor-element-7bec87a elementor-widget elementor-widget-menu-anchor\" data-id=\"7bec87a\" data-element_type=\"widget\" data-e-type=\"widget\" data-widget_type=\"menu-anchor.default\">\n\t\t\t\t<div class=\"elementor-widget-container\">\n\t\t\t\t\t\t\t<div class=\"elementor-menu-anchor\" id=\"Team_Saison\"><\/div>\n\t\t\t\t\t\t<\/div>\n\t\t\t\t<\/div>\n\t\t\t\t\t<\/div>\n\t\t\t\t<\/div>\n\t\t<div class=\"elementor-element elementor-element-4f26935 e-flex e-con-boxed e-con e-parent\" data-id=\"4f26935\" data-element_type=\"container\" data-e-type=\"container\">\n\t\t\t\t\t<div class=\"e-con-inner\">\n\t\t\t\t<div class=\"elementor-element elementor-element-7eaac9f elementor-widget elementor-widget-heading\" data-id=\"7eaac9f\" data-element_type=\"widget\" data-e-type=\"widget\" data-widget_type=\"heading.default\">\n\t\t\t\t<div class=\"elementor-widget-container\">\n\t\t\t\t\t<h2 class=\"elementor-heading-title elementor-size-default\">Saison 2025\/2026<\/h2>\t\t\t\t<\/div>\n\t\t\t\t<\/div>\n\t\t\t\t\t<\/div>\n\t\t\t\t<\/div>\n\t\t<div class=\"elementor-element elementor-element-ce5fc1e e-flex e-con-boxed e-con e-parent\" data-id=\"ce5fc1e\" data-element_type=\"container\" data-e-type=\"container\">\n\t\t\t\t\t<div class=\"e-con-inner\">\n\t\t\t\t<div class=\"elementor-element elementor-element-7f46955 elementor-widget elementor-widget-text-editor\" data-id=\"7f46955\" data-element_type=\"widget\" data-e-type=\"widget\" data-widget_type=\"text-editor.default\">\n\t\t\t\t<div class=\"elementor-widget-container\">\n\t\t\t\t\t\t\t\t\t<p>Mit einem gemischten Kader aus neuen Spielerinnen der letztj\u00e4hrigen B-Jugend und bereits erfahrenen A-Jugend Spielerinnen, ging es f\u00fcr die A-Jugend der SGU nach Ostern direkt los in die Vorbereitung f\u00fcr die diesj\u00e4hrige Quali.<\/p><p>\u00a0<\/p><p>Mit einem 3. Platz in der ersten Runde und einem 2. Platz in der zweiten Runde der Quali starten wir in der kommenden Saison in der Bezirksliga. Hier treffen wir auf alte Bekannte aus dem vergangenen Jahr, sowie neuen Gegner im neu geformten Bezirk. Den Sommer \u00fcberbr\u00fcckten wir au\u00dferdem mit dem Allg\u00e4u Cup in Wangen, sowie einzelne Trainingsspiele, die ebenfalls nicht fehlen durften. Ziel der Saison ist es, dass die M\u00e4dels durch viel Spielerfahrung f\u00fcr die kommenden Jahre bekommen und weiterhin als Team zusammenwachsen.<\/p><p>\u00a0<\/p><p>Die M\u00e4dels der weiblichen A-Jugend, wie auch die Trainerinnen freuen sich auf eine spannende, sowie verletzungsfreie und vor allem spa\u00dfige gemeinsame Saison und freuen sich viel Unterst\u00fctzung von den Trib\u00fcnen des Bezirks.<\/p>\t\t\t\t\t\t\t\t<\/div>\n\t\t\t\t<\/div>\n\t\t\t\t\t<\/div>\n\t\t\t\t<\/div>\n\t\t<div class=\"elementor-element elementor-element-d0e67a4 e-flex e-con-boxed e-con e-parent\" data-id=\"d0e67a4\" data-element_type=\"container\" data-e-type=\"container\">\n\t\t\t\t\t<div class=\"e-con-inner\">\n\t\t\t\t<div class=\"elementor-element elementor-element-db58923 elementor-widget elementor-widget-menu-anchor\" data-id=\"db58923\" data-element_type=\"widget\" data-e-type=\"widget\" data-widget_type=\"menu-anchor.default\">\n\t\t\t\t<div class=\"elementor-widget-container\">\n\t\t\t\t\t\t\t<div class=\"elementor-menu-anchor\" id=\"Team_Tabelle\"><\/div>\n\t\t\t\t\t\t<\/div>\n\t\t\t\t<\/div>\n\t\t\t\t\t<\/div>\n\t\t\t\t<\/div>\n\t\t<div class=\"elementor-element elementor-element-2019f67 e-flex e-con-boxed e-con e-parent\" data-id=\"2019f67\" data-element_type=\"container\" data-e-type=\"container\">\n\t\t\t\t\t<div class=\"e-con-inner\">\n\t\t\t\t<div class=\"elementor-element elementor-element-22dbe0b elementor-widget elementor-widget-heading\" data-id=\"22dbe0b\" data-element_type=\"widget\" data-e-type=\"widget\" data-widget_type=\"heading.default\">\n\t\t\t\t<div class=\"elementor-widget-container\">\n\t\t\t\t\t<h2 class=\"elementor-heading-title elementor-size-default\">Tabelle\n<\/h2>\t\t\t\t<\/div>\n\t\t\t\t<\/div>\n\t\t\t\t\t<\/div>\n\t\t\t\t<\/div>\n\t\t<div class=\"elementor-element elementor-element-f270834 e-flex e-con-boxed e-con e-parent\" data-id=\"f270834\" data-element_type=\"container\" data-e-type=\"container\">\n\t\t\t\t\t<div class=\"e-con-inner\">\n\t\t<div class=\"elementor-element elementor-element-d9cf66a e-con-full e-flex e-con e-child\" data-id=\"d9cf66a\" data-element_type=\"container\" data-e-type=\"container\">\n\t\t\t\t<div class=\"elementor-element elementor-element-7c81149 elementor-widget elementor-widget-html\" data-id=\"7c81149\" data-element_type=\"widget\" data-e-type=\"widget\" data-widget_type=\"html.default\">\n\t\t\t\t<div class=\"elementor-widget-container\">\n\t\t\t\t\t<div id='handball-tabelle'><\/div>\n\n<script>\n_hb({\nwidget: 'tabelle',\nteamId: 'handball4all.baden-wuerttemberg.1340856',\ncontainer: 'handball-tabelle'\n})\n<\/script>\n\n<style>\n\n\n.hb-embed__title-container {\n\tborder-bottom-color: #1e79fe;\n}\n\n\n.hb-embed__table thead th {\n  border-bottom-color: #1e79fe;\n}\n\n.hb-embed__btn.hb-embed__btn-primary {\n\n\tbackground-color: #1e79fe;\n\tborder-color: #1e79fe;\n\tcolor: #000;\n}\n\n\n.hb-embed__branding-logo {\n  width: 100px;\n  height: auto;\n}\n\n<\/style>\t\t\t\t<\/div>\n\t\t\t\t<\/div>\n\t\t\t\t<\/div>\n\t\t\t\t\t<\/div>\n\t\t\t\t<\/div>\n\t\t<div class=\"elementor-element elementor-element-73cb19e e-flex e-con-boxed e-con e-parent\" data-id=\"73cb19e\" data-element_type=\"container\" data-e-type=\"container\">\n\t\t\t\t\t<div class=\"e-con-inner\">\n\t\t\t\t<div class=\"elementor-element elementor-element-7a6979d elementor-widget-divider--view-line elementor-widget elementor-widget-divider\" data-id=\"7a6979d\" data-element_type=\"widget\" data-e-type=\"widget\" data-widget_type=\"divider.default\">\n\t\t\t\t<div class=\"elementor-widget-container\">\n\t\t\t\t\t\t\t<div class=\"elementor-divider\">\n\t\t\t<span class=\"elementor-divider-separator\">\n\t\t\t\t\t\t<\/span>\n\t\t<\/div>\n\t\t\t\t\t\t<\/div>\n\t\t\t\t<\/div>\n\t\t\t\t\t<\/div>\n\t\t\t\t<\/div>\n\t\t<div class=\"elementor-element elementor-element-c1e8db4 e-flex e-con-boxed e-con e-parent\" data-id=\"c1e8db4\" data-element_type=\"container\" data-e-type=\"container\">\n\t\t\t\t\t<div class=\"e-con-inner\">\n\t\t\t\t<div class=\"elementor-element elementor-element-14195a6 elementor-widget elementor-widget-menu-anchor\" data-id=\"14195a6\" data-element_type=\"widget\" data-e-type=\"widget\" data-widget_type=\"menu-anchor.default\">\n\t\t\t\t<div class=\"elementor-widget-container\">\n\t\t\t\t\t\t\t<div class=\"elementor-menu-anchor\" id=\"Team_Aktuelle_Spiele\"><\/div>\n\t\t\t\t\t\t<\/div>\n\t\t\t\t<\/div>\n\t\t\t\t\t<\/div>\n\t\t\t\t<\/div>\n\t\t<div class=\"elementor-element elementor-element-204e044 e-flex e-con-boxed e-con e-parent\" data-id=\"204e044\" data-element_type=\"container\" data-e-type=\"container\">\n\t\t\t\t\t<div class=\"e-con-inner\">\n\t\t\t\t<div class=\"elementor-element elementor-element-1ad0db0 elementor-widget elementor-widget-html\" data-id=\"1ad0db0\" data-element_type=\"widget\" data-e-type=\"widget\" data-widget_type=\"html.default\">\n\t\t\t\t<div class=\"elementor-widget-container\">\n\t\t\t\t\t<div id='handball-spielplan'><\/div>\n<script>\n_hb({\nwidget: 'spielplan',\nteamId: 'handball4all.baden-wuerttemberg.1340856',\ncontainer: 'handball-spielplan'\n})\n<\/script>\t\t\t\t<\/div>\n\t\t\t\t<\/div>\n\t\t\t\t\t<\/div>\n\t\t\t\t<\/div>\n\t\t<div class=\"elementor-element elementor-element-2e294c5 e-flex e-con-boxed e-con e-parent\" data-id=\"2e294c5\" data-element_type=\"container\" data-e-type=\"container\">\n\t\t\t\t\t<div class=\"e-con-inner\">\n\t\t\t\t<div class=\"elementor-element elementor-element-e0fec71 elementor-widget elementor-widget-menu-anchor\" data-id=\"e0fec71\" data-element_type=\"widget\" data-e-type=\"widget\" data-widget_type=\"menu-anchor.default\">\n\t\t\t\t<div class=\"elementor-widget-container\">\n\t\t\t\t\t\t\t<div class=\"elementor-menu-anchor\" id=\"Team_news\"><\/div>\n\t\t\t\t\t\t<\/div>\n\t\t\t\t<\/div>\n\t\t\t\t\t<\/div>\n\t\t\t\t<\/div>\n\t\t<div class=\"elementor-element elementor-element-258d384 e-flex e-con-boxed e-con e-parent\" data-id=\"258d384\" data-element_type=\"container\" data-e-type=\"container\">\n\t\t\t\t\t<div class=\"e-con-inner\">\n\t\t\t\t<div class=\"elementor-element elementor-element-073ae5e elementor-widget elementor-widget-heading\" data-id=\"073ae5e\" data-element_type=\"widget\" data-e-type=\"widget\" data-widget_type=\"heading.default\">\n\t\t\t\t<div class=\"elementor-widget-container\">\n\t\t\t\t\t<h2 class=\"elementor-heading-title elementor-size-default\">Team News<\/h2>\t\t\t\t<\/div>\n\t\t\t\t<\/div>\n\t\t\t\t\t<\/div>\n\t\t\t\t<\/div>\n\t\t<div class=\"elementor-element elementor-element-90a2955 e-flex e-con-boxed e-con e-parent\" data-id=\"90a2955\" data-element_type=\"container\" data-e-type=\"container\">\n\t\t\t\t\t<div class=\"e-con-inner\">\n\t\t\t\t\t<\/div>\n\t\t\t\t<\/div>\n\t\t\t\t<\/div>\n\t\t","protected":false},"excerpt":{"rendered":"<p>A weiblichBezirksliga \u00a0Saison 2025\/2026\u00a0\/\/\u00a0Tabelle \/\/Aktuelle Spiele \/\/\u00a0Team News Team Spielerinnen Alisa Buchele, Rebecca Cebe, Lea Diminidis, Anna Eisele, Jennifer Farrel, Mirijam Greiner, Tuana Hayvali, Flora Hetzel, Alena Kiziltan, Lene Klein, Leni Schmidtke, Johanna Stahl, Lena Streicher, Hanna Strobel, Tessa M\u00fcller. Trainerteam Nicole Aurenz, Melanie Aurenz und Ann-Kathrin Karpischek Saison 2025\/2026 Mit einem gemischten Kader aus [&hellip;]<\/p>\n","protected":false},"author":1,"featured_media":0,"parent":0,"menu_order":0,"comment_status":"closed","ping_status":"closed","template":"","meta":{"site-sidebar-layout":"no-sidebar","site-content-layout":"page-builder","ast-site-content-layout":"full-width-container","site-content-style":"unboxed","site-sidebar-style":"unboxed","ast-global-header-display":"","ast-banner-title-visibility":"","ast-main-header-display":"","ast-hfb-above-header-display":"","ast-hfb-below-header-display":"","ast-hfb-mobile-header-display":"","site-post-title":"disabled","ast-breadcrumbs-content":"","ast-featured-img":"disabled","footer-sml-layout":"","theme-transparent-header-meta":"enabled","adv-header-id-meta":"","stick-header-meta":"","header-above-stick-meta":"","header-main-stick-meta":"","header-below-stick-meta":"","astra-migrate-meta-layouts":"set","ast-page-background-enabled":"default","ast-page-background-meta":{"desktop":{"background-color":"var(--ast-global-color-4)","background-image":"","background-repeat":"repeat","background-position":"center center","background-size":"auto","background-attachment":"scroll","background-type":"","background-media":"","overlay-type":"","overlay-color":"","overlay-opacity":"","overlay-gradient":""},"tablet":{"background-color":"","background-image":"","background-repeat":"repeat","background-position":"center center","background-size":"auto","background-attachment":"scroll","background-type":"","background-media":"","overlay-type":"","overlay-color":"","overlay-opacity":"","overlay-gradient":""},"mobile":{"background-color":"","background-image":"","background-repeat":"repeat","background-position":"center center","background-size":"auto","background-attachment":"scroll","background-type":"","background-media":"","overlay-type":"","overlay-color":"","overlay-opacity":"","overlay-gradient":""}},"ast-content-background-meta":{"desktop":{"background-color":"var(--ast-global-color-5)","background-image":"","background-repeat":"repeat","background-position":"center center","background-size":"auto","background-attachment":"scroll","background-type":"","background-media":"","overlay-type":"","overlay-color":"","overlay-opacity":"","overlay-gradient":""},"tablet":{"background-color":"var(--ast-global-color-5)","background-image":"","background-repeat":"repeat","background-position":"center center","background-size":"auto","background-attachment":"scroll","background-type":"","background-media":"","overlay-type":"","overlay-color":"","overlay-opacity":"","overlay-gradient":""},"mobile":{"background-color":"var(--ast-global-color-5)","background-image":"","background-repeat":"repeat","background-position":"center center","background-size":"auto","background-attachment":"scroll","background-type":"","background-media":"","overlay-type":"","overlay-color":"","overlay-opacity":"","overlay-gradient":""}},"footnotes":""},"class_list":["post-3341","page","type-page","status-publish","hentry"],"_links":{"self":[{"href":"https:\/\/sg-untere-fils.de\/wp3\/wp-json\/wp\/v2\/pages\/3341","targetHints":{"allow":["GET"]}}],"collection":[{"href":"https:\/\/sg-untere-fils.de\/wp3\/wp-json\/wp\/v2\/pages"}],"about":[{"href":"https:\/\/sg-untere-fils.de\/wp3\/wp-json\/wp\/v2\/types\/page"}],"author":[{"embeddable":true,"href":"https:\/\/sg-untere-fils.de\/wp3\/wp-json\/wp\/v2\/users\/1"}],"replies":[{"embeddable":true,"href":"https:\/\/sg-untere-fils.de\/wp3\/wp-json\/wp\/v2\/comments?post=3341"}],"version-history":[{"count":41,"href":"https:\/\/sg-untere-fils.de\/wp3\/wp-json\/wp\/v2\/pages\/3341\/revisions"}],"predecessor-version":[{"id":4027,"href":"https:\/\/sg-untere-fils.de\/wp3\/wp-json\/wp\/v2\/pages\/3341\/revisions\/4027"}],"wp:attachment":[{"href":"https:\/\/sg-untere-fils.de\/wp3\/wp-json\/wp\/v2\/media?parent=3341"}],"curies":[{"name":"wp","href":"https:\/\/api.w.org\/{rel}","templated":true}]}}