{"id":2118,"date":"2024-11-20T14:43:25","date_gmt":"2024-11-20T14:43:25","guid":{"rendered":"https:\/\/sg-untere-fils.de\/wp3\/?page_id=2118"},"modified":"2025-06-28T16:56:47","modified_gmt":"2025-06-28T16:56:47","slug":"miniballschule-ebersbach-buenzwangen","status":"publish","type":"page","link":"https:\/\/sg-untere-fils.de\/wp3\/miniballschule-ebersbach-buenzwangen\/","title":{"rendered":"Miniballschule Ebersbach\/B\u00fcnzwangen"},"content":{"rendered":"\t\t<div data-elementor-type=\"wp-page\" data-elementor-id=\"2118\" class=\"elementor elementor-2118\" data-elementor-post-type=\"page\">\n\t\t\t\t<div class=\"elementor-element elementor-element-93263f3 e-flex e-con-boxed e-con e-parent\" data-id=\"93263f3\" data-element_type=\"container\" data-e-type=\"container\" data-settings=\"{&quot;background_background&quot;:&quot;classic&quot;}\">\n\t\t\t\t\t<div class=\"e-con-inner\">\n\t\t<div class=\"elementor-element elementor-element-6c32ff7 e-flex e-con-boxed e-con e-child\" data-id=\"6c32ff7\" data-element_type=\"container\" data-e-type=\"container\">\n\t\t\t\t\t<div class=\"e-con-inner\">\n\t\t\t\t<div class=\"elementor-element elementor-element-888fcee elementor-widget elementor-widget-heading\" data-id=\"888fcee\" data-element_type=\"widget\" data-e-type=\"widget\" data-widget_type=\"heading.default\">\n\t\t\t\t<div class=\"elementor-widget-container\">\n\t\t\t\t\t<h1 class=\"elementor-heading-title elementor-size-default\">Miniballschule Ebersbach\/ B\u00fcnzwangen<\/h1>\t\t\t\t<\/div>\n\t\t\t\t<\/div>\n\t\t\t\t\t<\/div>\n\t\t\t\t<\/div>\n\t\t\t\t\t<\/div>\n\t\t\t\t<\/div>\n\t\t<div class=\"elementor-element elementor-element-292a0ba e-flex e-con-boxed e-con e-parent\" data-id=\"292a0ba\" data-element_type=\"container\" data-e-type=\"container\">\n\t\t\t\t\t<div class=\"e-con-inner\">\n\t\t\t\t<div class=\"elementor-element elementor-element-b6eb6f8 elementor-widget elementor-widget-text-editor\" data-id=\"b6eb6f8\" data-element_type=\"widget\" data-e-type=\"widget\" data-widget_type=\"text-editor.default\">\n\t\t\t\t<div class=\"elementor-widget-container\">\n\t\t\t\t\t\t\t\t\t<p><a href=\"#Team_Tabelle\">Tabelle<\/a><\/p><p><a href=\"#Team_Saison\">Saison 2024\/2025<\/a><\/p><p><a href=\"#Team_Aktuelle_Spiele\">Aktuelle Spiele<\/a><\/p>\t\t\t\t\t\t\t\t<\/div>\n\t\t\t\t<\/div>\n\t\t\t\t\t<\/div>\n\t\t\t\t<\/div>\n\t\t<div class=\"elementor-element elementor-element-4cb475b e-flex e-con-boxed e-con e-parent\" data-id=\"4cb475b\" data-element_type=\"container\" data-e-type=\"container\">\n\t\t\t\t\t<div class=\"e-con-inner\">\n\t\t<div class=\"elementor-element elementor-element-9741bfd e-con-full e-flex e-con e-child\" data-id=\"9741bfd\" data-element_type=\"container\" data-e-type=\"container\">\n\t\t\t\t<div class=\"elementor-element elementor-element-d90ef00 elementor-widget elementor-widget-image\" data-id=\"d90ef00\" data-element_type=\"widget\" data-e-type=\"widget\" data-widget_type=\"image.default\">\n\t\t\t\t<div class=\"elementor-widget-container\">\n\t\t\t\t\t\t\t\t\t\t\t\t\t\t\t\t<a href=\"https:\/\/sg-untere-fils.de\/wp3\/wp-content\/uploads\/2024\/11\/Miniballschule-Saison-24-25-1536x864-1.jpg\" data-elementor-open-lightbox=\"yes\" data-elementor-lightbox-title=\"Miniballschule-Saison-24-25-1536x864\" data-e-action-hash=\"#elementor-action%3Aaction%3Dlightbox%26settings%3DeyJpZCI6MjEyNiwidXJsIjoiaHR0cHM6XC9cL3NnLXVudGVyZS1maWxzLmRlXC93cDNcL3dwLWNvbnRlbnRcL3VwbG9hZHNcLzIwMjRcLzExXC9NaW5pYmFsbHNjaHVsZS1TYWlzb24tMjQtMjUtMTUzNng4NjQtMS5qcGcifQ%3D%3D\">\n\t\t\t\t\t\t\t<img fetchpriority=\"high\" decoding=\"async\" width=\"1536\" height=\"864\" src=\"https:\/\/sg-untere-fils.de\/wp3\/wp-content\/uploads\/2024\/11\/Miniballschule-Saison-24-25-1536x864-1.jpg\" class=\"attachment-full size-full wp-image-2126\" alt=\"\" srcset=\"https:\/\/sg-untere-fils.de\/wp3\/wp-content\/uploads\/2024\/11\/Miniballschule-Saison-24-25-1536x864-1.jpg 1536w, https:\/\/sg-untere-fils.de\/wp3\/wp-content\/uploads\/2024\/11\/Miniballschule-Saison-24-25-1536x864-1-300x169.jpg 300w, https:\/\/sg-untere-fils.de\/wp3\/wp-content\/uploads\/2024\/11\/Miniballschule-Saison-24-25-1536x864-1-1024x576.jpg 1024w, https:\/\/sg-untere-fils.de\/wp3\/wp-content\/uploads\/2024\/11\/Miniballschule-Saison-24-25-1536x864-1-768x432.jpg 768w\" sizes=\"(max-width: 1536px) 100vw, 1536px\" \/>\t\t\t\t\t\t\t\t<\/a>\n\t\t\t\t\t\t\t\t\t\t\t\t\t\t\t<\/div>\n\t\t\t\t<\/div>\n\t\t\t\t<\/div>\n\t\t<div class=\"elementor-element elementor-element-458f621 e-con-full e-flex e-con e-child\" data-id=\"458f621\" data-element_type=\"container\" data-e-type=\"container\">\n\t\t\t\t<div class=\"elementor-element elementor-element-57ee7d9 elementor-widget elementor-widget-heading\" data-id=\"57ee7d9\" data-element_type=\"widget\" data-e-type=\"widget\" data-widget_type=\"heading.default\">\n\t\t\t\t<div class=\"elementor-widget-container\">\n\t\t\t\t\t<h5 class=\"elementor-heading-title elementor-size-default\">Team<\/h5>\t\t\t\t<\/div>\n\t\t\t\t<\/div>\n\t\t\t\t<div class=\"elementor-element elementor-element-9dbc1b1 elementor-widget elementor-widget-text-editor\" data-id=\"9dbc1b1\" data-element_type=\"widget\" data-e-type=\"widget\" data-widget_type=\"text-editor.default\">\n\t\t\t\t<div class=\"elementor-widget-container\">\n\t\t\t\t\t\t\t\t\t<p><strong>Spielerinnen<\/strong><\/p><p>\u00a0<\/p><p><strong>Trainerteam<\/strong><\/p><p>Simone Bauer, Christin Findeis, Eike K\u00f6hler, Maik Martin, Annika Schuster, Kimi Seipel und Ben Weber<\/p>\t\t\t\t\t\t\t\t<\/div>\n\t\t\t\t<\/div>\n\t\t\t\t<\/div>\n\t\t\t\t\t<\/div>\n\t\t\t\t<\/div>\n\t\t<div class=\"elementor-element elementor-element-d0e67a4 e-flex e-con-boxed e-con e-parent\" data-id=\"d0e67a4\" data-element_type=\"container\" data-e-type=\"container\">\n\t\t\t\t\t<div class=\"e-con-inner\">\n\t\t\t\t<div class=\"elementor-element elementor-element-db58923 elementor-widget elementor-widget-menu-anchor\" data-id=\"db58923\" data-element_type=\"widget\" data-e-type=\"widget\" data-widget_type=\"menu-anchor.default\">\n\t\t\t\t<div class=\"elementor-widget-container\">\n\t\t\t\t\t\t\t<div class=\"elementor-menu-anchor\" id=\"Team_Tabelle\"><\/div>\n\t\t\t\t\t\t<\/div>\n\t\t\t\t<\/div>\n\t\t\t\t\t<\/div>\n\t\t\t\t<\/div>\n\t\t<div class=\"elementor-element elementor-element-1d683b0 e-flex e-con-boxed e-con e-parent\" data-id=\"1d683b0\" data-element_type=\"container\" data-e-type=\"container\">\n\t\t\t\t\t<div class=\"e-con-inner\">\n\t\t\t\t<div class=\"elementor-element elementor-element-7bec87a elementor-widget elementor-widget-menu-anchor\" data-id=\"7bec87a\" data-element_type=\"widget\" data-e-type=\"widget\" data-widget_type=\"menu-anchor.default\">\n\t\t\t\t<div class=\"elementor-widget-container\">\n\t\t\t\t\t\t\t<div class=\"elementor-menu-anchor\" id=\"Team_Saison\"><\/div>\n\t\t\t\t\t\t<\/div>\n\t\t\t\t<\/div>\n\t\t\t\t\t<\/div>\n\t\t\t\t<\/div>\n\t\t<div class=\"elementor-element elementor-element-4f26935 e-flex e-con-boxed e-con e-parent\" data-id=\"4f26935\" data-element_type=\"container\" data-e-type=\"container\">\n\t\t\t\t\t<div class=\"e-con-inner\">\n\t\t\t\t<div class=\"elementor-element elementor-element-7eaac9f elementor-widget elementor-widget-heading\" data-id=\"7eaac9f\" data-element_type=\"widget\" data-e-type=\"widget\" data-widget_type=\"heading.default\">\n\t\t\t\t<div class=\"elementor-widget-container\">\n\t\t\t\t\t<h2 class=\"elementor-heading-title elementor-size-default\">Saison 2024\/2025<\/h2>\t\t\t\t<\/div>\n\t\t\t\t<\/div>\n\t\t\t\t\t<\/div>\n\t\t\t\t<\/div>\n\t\t<div class=\"elementor-element elementor-element-ce5fc1e e-flex e-con-boxed e-con e-parent\" data-id=\"ce5fc1e\" data-element_type=\"container\" data-e-type=\"container\">\n\t\t\t\t\t<div class=\"e-con-inner\">\n\t\t\t\t<div class=\"elementor-element elementor-element-7f46955 elementor-widget elementor-widget-text-editor\" data-id=\"7f46955\" data-element_type=\"widget\" data-e-type=\"widget\" data-widget_type=\"text-editor.default\">\n\t\t\t\t<div class=\"elementor-widget-container\">\n\t\t\t\t\t\t\t\t\t<p>F\u00fcr Kinder im Alter von 4 bis 6 Jahren bieten wir unsere Miniballschule an. Mit vielen spannenden Spielen, koordinativen \u00dcbungen und nat\u00fcrlich B\u00e4llen m\u00f6chten wir die Kleinsten f\u00fcr den Handballsport begeistern. Unser Training findet freitags von 15:00 bis 16:15 Uhr in der Raichberg-Sporthalle statt. Hier k\u00f6nnen die Kinder spielerisch erste Erfahrungen im Handball sammeln und den Spa\u00df an Bewegung entdecken.<br \/>Ein herzlicher Dank gilt allen, die dazu beitragen, dass unsere Miniballschule ein solcher Erfolg ist. Besonders danken wir unseren engagierten Trainern und Jungendspielern, die unsere Kinder mit viel Freude unterst\u00fctzen.<br \/>Wir freuen uns immer \u00fcber neue Gesichter. Derzeit sind unsere Kapazit\u00e4ten zwar voll ausgesch\u00f6pft, dennoch laden wir interessierte Kinder herzlich ein, zu einer Schnupperstunde vorbeizukommen. Um einen Termin zu vereinbaren, bitten wir um vorherige Anmeldung per E-Mail an Miniballschule@sg-untere-fils.de.<\/p><p>Euer Team der Miniballschule<br \/>Simone Bauer, Christin Findeis, Eike K\u00f6hler, Maik Martin, Annika Schuster, Kimi Seipel und Ben Weber<\/p>\t\t\t\t\t\t\t\t<\/div>\n\t\t\t\t<\/div>\n\t\t\t\t\t<\/div>\n\t\t\t\t<\/div>\n\t\t<div class=\"elementor-element elementor-element-73cb19e e-flex e-con-boxed e-con e-parent\" data-id=\"73cb19e\" data-element_type=\"container\" data-e-type=\"container\">\n\t\t\t\t\t<div class=\"e-con-inner\">\n\t\t\t\t<div class=\"elementor-element elementor-element-7a6979d elementor-widget-divider--view-line elementor-widget elementor-widget-divider\" data-id=\"7a6979d\" data-element_type=\"widget\" data-e-type=\"widget\" data-widget_type=\"divider.default\">\n\t\t\t\t<div class=\"elementor-widget-container\">\n\t\t\t\t\t\t\t<div class=\"elementor-divider\">\n\t\t\t<span class=\"elementor-divider-separator\">\n\t\t\t\t\t\t<\/span>\n\t\t<\/div>\n\t\t\t\t\t\t<\/div>\n\t\t\t\t<\/div>\n\t\t\t\t\t<\/div>\n\t\t\t\t<\/div>\n\t\t<div class=\"elementor-element elementor-element-c1e8db4 e-flex e-con-boxed e-con e-parent\" data-id=\"c1e8db4\" data-element_type=\"container\" data-e-type=\"container\">\n\t\t\t\t\t<div class=\"e-con-inner\">\n\t\t\t\t<div class=\"elementor-element elementor-element-14195a6 elementor-widget elementor-widget-menu-anchor\" data-id=\"14195a6\" data-element_type=\"widget\" data-e-type=\"widget\" data-widget_type=\"menu-anchor.default\">\n\t\t\t\t<div class=\"elementor-widget-container\">\n\t\t\t\t\t\t\t<div class=\"elementor-menu-anchor\" id=\"Team_Aktuelle_Spiele\"><\/div>\n\t\t\t\t\t\t<\/div>\n\t\t\t\t<\/div>\n\t\t\t\t\t<\/div>\n\t\t\t\t<\/div>\n\t\t\t\t<\/div>\n\t\t","protected":false},"excerpt":{"rendered":"<p>Miniballschule Ebersbach\/ B\u00fcnzwangen Tabelle Saison 2024\/2025 Aktuelle Spiele Team Spielerinnen \u00a0 Trainerteam Simone Bauer, Christin Findeis, Eike K\u00f6hler, Maik Martin, Annika Schuster, Kimi Seipel und Ben Weber Saison 2024\/2025 F\u00fcr Kinder im Alter von 4 bis 6 Jahren bieten wir unsere Miniballschule an. Mit vielen spannenden Spielen, koordinativen \u00dcbungen und nat\u00fcrlich B\u00e4llen m\u00f6chten wir die [&hellip;]<\/p>\n","protected":false},"author":1,"featured_media":0,"parent":0,"menu_order":0,"comment_status":"closed","ping_status":"closed","template":"","meta":{"site-sidebar-layout":"no-sidebar","site-content-layout":"page-builder","ast-site-content-layout":"full-width-container","site-content-style":"unboxed","site-sidebar-style":"unboxed","ast-global-header-display":"","ast-banner-title-visibility":"","ast-main-header-display":"","ast-hfb-above-header-display":"","ast-hfb-below-header-display":"","ast-hfb-mobile-header-display":"","site-post-title":"disabled","ast-breadcrumbs-content":"","ast-featured-img":"disabled","footer-sml-layout":"","theme-transparent-header-meta":"enabled","adv-header-id-meta":"","stick-header-meta":"","header-above-stick-meta":"","header-main-stick-meta":"","header-below-stick-meta":"","astra-migrate-meta-layouts":"set","ast-page-background-enabled":"default","ast-page-background-meta":{"desktop":{"background-color":"var(--ast-global-color-4)","background-image":"","background-repeat":"repeat","background-position":"center center","background-size":"auto","background-attachment":"scroll","background-type":"","background-media":"","overlay-type":"","overlay-color":"","overlay-opacity":"","overlay-gradient":""},"tablet":{"background-color":"","background-image":"","background-repeat":"repeat","background-position":"center center","background-size":"auto","background-attachment":"scroll","background-type":"","background-media":"","overlay-type":"","overlay-color":"","overlay-opacity":"","overlay-gradient":""},"mobile":{"background-color":"","background-image":"","background-repeat":"repeat","background-position":"center center","background-size":"auto","background-attachment":"scroll","background-type":"","background-media":"","overlay-type":"","overlay-color":"","overlay-opacity":"","overlay-gradient":""}},"ast-content-background-meta":{"desktop":{"background-color":"var(--ast-global-color-5)","background-image":"","background-repeat":"repeat","background-position":"center center","background-size":"auto","background-attachment":"scroll","background-type":"","background-media":"","overlay-type":"","overlay-color":"","overlay-opacity":"","overlay-gradient":""},"tablet":{"background-color":"var(--ast-global-color-5)","background-image":"","background-repeat":"repeat","background-position":"center center","background-size":"auto","background-attachment":"scroll","background-type":"","background-media":"","overlay-type":"","overlay-color":"","overlay-opacity":"","overlay-gradient":""},"mobile":{"background-color":"var(--ast-global-color-5)","background-image":"","background-repeat":"repeat","background-position":"center center","background-size":"auto","background-attachment":"scroll","background-type":"","background-media":"","overlay-type":"","overlay-color":"","overlay-opacity":"","overlay-gradient":""}},"footnotes":""},"class_list":["post-2118","page","type-page","status-publish","hentry"],"_links":{"self":[{"href":"https:\/\/sg-untere-fils.de\/wp3\/wp-json\/wp\/v2\/pages\/2118","targetHints":{"allow":["GET"]}}],"collection":[{"href":"https:\/\/sg-untere-fils.de\/wp3\/wp-json\/wp\/v2\/pages"}],"about":[{"href":"https:\/\/sg-untere-fils.de\/wp3\/wp-json\/wp\/v2\/types\/page"}],"author":[{"embeddable":true,"href":"https:\/\/sg-untere-fils.de\/wp3\/wp-json\/wp\/v2\/users\/1"}],"replies":[{"embeddable":true,"href":"https:\/\/sg-untere-fils.de\/wp3\/wp-json\/wp\/v2\/comments?post=2118"}],"version-history":[{"count":16,"href":"https:\/\/sg-untere-fils.de\/wp3\/wp-json\/wp\/v2\/pages\/2118\/revisions"}],"predecessor-version":[{"id":3305,"href":"https:\/\/sg-untere-fils.de\/wp3\/wp-json\/wp\/v2\/pages\/2118\/revisions\/3305"}],"wp:attachment":[{"href":"https:\/\/sg-untere-fils.de\/wp3\/wp-json\/wp\/v2\/media?parent=2118"}],"curies":[{"name":"wp","href":"https:\/\/api.w.org\/{rel}","templated":true}]}}