{"id":1847,"date":"2024-10-25T14:43:46","date_gmt":"2024-10-25T14:43:46","guid":{"rendered":"https:\/\/sg-untere-fils.de\/wp3\/?page_id=1847"},"modified":"2025-06-28T16:55:16","modified_gmt":"2025-06-28T16:55:16","slug":"impressum-und-datenschutz","status":"publish","type":"page","link":"https:\/\/sg-untere-fils.de\/wp3\/impressum-und-datenschutz\/","title":{"rendered":"Impressum und Datenschutz"},"content":{"rendered":"\t\t<div data-elementor-type=\"wp-page\" data-elementor-id=\"1847\" class=\"elementor elementor-1847\" data-elementor-post-type=\"page\">\n\t\t\t\t<div class=\"elementor-element elementor-element-dcfb448 e-flex e-con-boxed e-con e-parent\" data-id=\"dcfb448\" data-element_type=\"container\" data-e-type=\"container\" data-settings=\"{&quot;background_background&quot;:&quot;classic&quot;}\">\n\t\t\t\t\t<div class=\"e-con-inner\">\n\t\t<div class=\"elementor-element elementor-element-d21b7e0 e-flex e-con-boxed e-con e-child\" data-id=\"d21b7e0\" data-element_type=\"container\" data-e-type=\"container\">\n\t\t\t\t\t<div class=\"e-con-inner\">\n\t\t\t\t<div class=\"elementor-element elementor-element-e9fd9dc elementor-widget elementor-widget-heading\" data-id=\"e9fd9dc\" data-element_type=\"widget\" data-e-type=\"widget\" data-widget_type=\"heading.default\">\n\t\t\t\t<div class=\"elementor-widget-container\">\n\t\t\t\t\t<h1 class=\"elementor-heading-title elementor-size-default\">Impressum und Datenschutz<\/h1>\t\t\t\t<\/div>\n\t\t\t\t<\/div>\n\t\t\t\t\t<\/div>\n\t\t\t\t<\/div>\n\t\t\t\t\t<\/div>\n\t\t\t\t<\/div>\n\t\t<div class=\"elementor-element elementor-element-8b300d7 e-flex e-con-boxed e-con e-parent\" data-id=\"8b300d7\" data-element_type=\"container\" data-e-type=\"container\">\n\t\t\t\t\t<div class=\"e-con-inner\">\n\t\t\t\t<div class=\"elementor-element elementor-element-031be86 elementor-widget-divider--view-line elementor-widget elementor-widget-divider\" data-id=\"031be86\" data-element_type=\"widget\" data-e-type=\"widget\" data-widget_type=\"divider.default\">\n\t\t\t\t<div class=\"elementor-widget-container\">\n\t\t\t\t\t\t\t<div class=\"elementor-divider\">\n\t\t\t<span class=\"elementor-divider-separator\">\n\t\t\t\t\t\t<\/span>\n\t\t<\/div>\n\t\t\t\t\t\t<\/div>\n\t\t\t\t<\/div>\n\t\t\t\t\t<\/div>\n\t\t\t\t<\/div>\n\t\t<div class=\"elementor-element elementor-element-68b8509 e-flex e-con-boxed e-con e-parent\" data-id=\"68b8509\" data-element_type=\"container\" data-e-type=\"container\">\n\t\t\t\t\t<div class=\"e-con-inner\">\n\t\t\t\t<div class=\"elementor-element elementor-element-3b7b203 elementor-widget elementor-widget-text-editor\" data-id=\"3b7b203\" data-element_type=\"widget\" data-e-type=\"widget\" data-widget_type=\"text-editor.default\">\n\t\t\t\t<div class=\"elementor-widget-container\">\n\t\t\t\t\t\t\t\t\t<h2><strong>1. Allgemeines \/ Wer wir sind<\/strong><\/h2><p>Die Betreiber dieser Seiten nehmen den Schutz Ihrer pers\u00f6nlichen Daten sehr ernst. Wir behandeln Ihre personenbezogenen Daten vertraulich und entsprechend der gesetzlichen Datenschutzvorschriften sowie dieser Datenschutzerkl\u00e4rung. Die Nutzung unserer Webseite ist mit Ausnahme der IP-Adresse in den Server-Log-Files ohne Angabe personenbezogener Daten m\u00f6glich. Soweit auf unseren Seiten personenbezogene Daten erhoben werden, erfolgt dies stets auf freiwilliger Basis. Ist die Verarbeitung personenbezogener Daten erforderlich und besteht f\u00fcr eine solche Verarbeitung keine gesetzliche Grundlage, holen wir generell eine Einwilligung der betroffenen Person ein. Diese Daten werden ohne Ihre ausdr\u00fcckliche Zustimmung nicht an Dritte weitergegeben.Wir weisen darauf hin, dass die Daten\u00fcbertragung im Internet (z.B. bei der Kommunikation per E-Mail) Sicherheitsl\u00fccken aufweisen kann. Ein l\u00fcckenloser Schutz der Daten vor dem Zugriff durch Dritte ist nicht m\u00f6glich.<\/p><p>\u00a0<\/p><h2><strong>2. Name und Anschrift des f\u00fcr die Verarbeitung Verantwortlichen<\/strong><\/h2><p><br \/><strong>Die Datenverarbeitung auf dieser Internetseite erfolgt durch den Betreiber:<\/strong><\/p><p>SG Untere Fils \/ Jugendspielgemeinschaft der Vereine TV B\u00fcnzwangen, TV Ebersbach, TV Reichenbach<\/p><p>Verantwortlich:<\/p><p>Thomas Steinhilber<br \/>admin@sg-untere-fils.de<br \/>c\/o Gesch\u00e4ftsstelle Turnverein Ebersbach e.V.<br \/>Jahnstr. 28<br \/>73061 Ebersbach<\/p><p>Admin:<br \/>Jens Schumacher<br \/>admin@sg-untere-fils.de<br \/>c\/o Gesch\u00e4ftsstelle Turnverein Ebersbach e.V.<br \/>Jahnstr. 28<br \/>73061 Ebersbach<\/p><p>\u00a0<\/p><p>\u00a0<\/p><h3><strong>Welche personenbezogenen Daten wir sammeln und warum wir sie sammeln<\/strong><\/h3><p><br \/><strong>Kommentare<\/strong><br \/>Wenn Besucher Kommentare auf der Website schreiben, sammeln wir die Daten, die im Kommentar-Formular angezeigt werden, au\u00dferdem die IP-Adresse des Besuchers und den User-Agent-String (damit wird der Browser identifiziert), um die Erkennung von Spam zu unterst\u00fctzen.<\/p><p>Aus deiner E-Mail-Adresse kann eine anonymisierte Zeichenfolge erstellt (auch Hash genannt) und dem Gravatar-Dienst \u00fcbergeben werden, um zu pr\u00fcfen, ob du diesen benutzt. Die Datenschutzerkl\u00e4rung des Gravatar-Dienstes findest du hier: https:\/\/automattic.com\/privacy\/. Nachdem dein Kommentar freigegeben wurde, ist dein Profilbild \u00f6ffentlich im Kontext deines Kommentars sichtbar.<\/p><p>\u00a0<\/p><p><strong>Medien<\/strong><br \/>Wenn du ein registrierter Benutzer bist und Fotos auf diese Website l\u00e4dst, solltest du vermeiden, Fotos mit einem EXIF-GPS-Standort hochzuladen. Besucher dieser Website k\u00f6nnten Fotos, die auf dieser Website gespeichert sind, herunterladen und deren Standort-Informationen extrahieren.<\/p><p>Kontaktformulare<\/p><p><br \/><strong>Cookies<\/strong><br \/>Wenn du einen Kommentar auf unserer Website schreibst, kann das eine Einwilligung sein, deinen Namen, E-Mail-Adresse und Website in Cookies zu speichern. Dies ist eine Komfortfunktion, damit du nicht, wenn du einen weiteren Kommentar schreibst, all diese Daten erneut eingeben musst. Diese Cookies werden ein Jahr lang gespeichert.<\/p><p>Falls du ein Konto hast und dich auf dieser Website anmeldest, werden wir ein tempor\u00e4res Cookie setzen, um festzustellen, ob dein Browser Cookies akzeptiert. Dieses Cookie enth\u00e4lt keine personenbezogenen Daten und wird verworfen, wenn du deinen Browser schlie\u00dft.<\/p><p>Wenn du dich anmeldest, werden wir einige Cookies einrichten, um deine Anmeldeinformationen und Anzeigeoptionen zu speichern. Anmelde-Cookies verfallen nach zwei Tagen und Cookies f\u00fcr die Anzeigeoptionen nach einem Jahr. Falls du bei der Anmeldung \u201eAngemeldet bleiben\u201c ausw\u00e4hlst, wird deine Anmeldung zwei Wochen lang aufrechterhalten. Mit der Abmeldung aus deinem Konto werden die Anmelde-Cookies gel\u00f6scht.<\/p><p>Wenn du einen Artikel bearbeitest oder ver\u00f6ffentlichst, wird ein zus\u00e4tzlicher Cookie in deinem Browser gespeichert. Dieser Cookie enth\u00e4lt keine personenbezogenen Daten und verweist nur auf die Beitrags-ID des Artikels, den du gerade bearbeitet hast. Der Cookie verf\u00e4llt nach einem Tag.<\/p><p>Eingebettete Inhalte von anderen Websites<br \/>Beitr\u00e4ge auf dieser Website k\u00f6nnen eingebettete Inhalte beinhalten (z. B. Videos, Bilder, Beitr\u00e4ge etc.). Eingebettete Inhalte von anderen Websites verhalten sich exakt so, als ob der Besucher die andere Website besucht h\u00e4tte.<\/p><p>Diese Websites k\u00f6nnen Daten \u00fcber dich sammeln, Cookies benutzen, zus\u00e4tzliche Tracking-Dienste von Dritten einbetten und deine Interaktion mit diesem eingebetteten Inhalt aufzeichnen, inklusive deiner Interaktion mit dem eingebetteten Inhalt, falls du ein Konto hast und auf dieser Website angemeldet bist.<\/p><p>\u00a0<\/p><p>\u00a0<\/p><h3>Analysedienste<\/h3><p><br \/><strong>Mit wem wir deine Daten teilen<\/strong><br \/><strong>Wie lange wir deine Daten speichern<\/strong><\/p><p>Wenn du einen Kommentar schreibst, wird dieser inklusive Metadaten zeitlich unbegrenzt gespeichert. Auf diese Art k\u00f6nnen wir Folgekommentare automatisch erkennen und freigeben, anstelle sie in einer Moderations-Warteschlange festzuhalten.<\/p><p>F\u00fcr Benutzer, die sich auf unserer Website registrieren, speichern wir zus\u00e4tzlich die pers\u00f6nlichen Informationen, die sie in ihren Benutzerprofilen angeben. Alle Benutzer k\u00f6nnen jederzeit ihre pers\u00f6nlichen Informationen einsehen, ver\u00e4ndern oder l\u00f6schen (der Benutzername kann nicht ver\u00e4ndert werden). Administratoren der Website k\u00f6nnen diese Informationen ebenfalls einsehen und ver\u00e4ndern.<\/p><p>\u00a0<\/p><p><strong>Welche Rechte du an deinen Daten hast<\/strong><br \/>Wenn du ein Konto auf dieser Website besitzt oder Kommentare geschrieben hast, kannst du einen Export deiner personenbezogenen Daten bei uns anfordern, inklusive aller Daten, die du uns mitgeteilt hast. Dar\u00fcber hinaus kannst du die L\u00f6schung aller personenbezogenen Daten, die wir von dir gespeichert haben, anfordern. Dies umfasst nicht die Daten, die wir aufgrund administrativer, rechtlicher oder sicherheitsrelevanter Notwendigkeiten aufbewahren m\u00fcssen.<\/p><p>\u00a0<\/p><p><strong>Wohin wir deine Daten senden<\/strong><br \/>Besucher-Kommentare k\u00f6nnten von einem automatisierten Dienst zur Spam-Erkennung untersucht werden.<\/p><p>Welche Ma\u00dfnahmen wir bei Datenschutzverletzungen anbieten<br \/>Ihre Rechte in Bezug auf den Datenschutz<br \/>a) Betroffenenrechte<\/p><p>Die DSGVO r\u00e4umt lhnen eine Vielzahl von Rechten ein. Hierzu im Einzelnen:<\/p><p>Gem. Art. 7 Abs. 3 DSGVO k\u00f6nnen Sie jederzeit ohne Angabe von Gr\u00fcnden uns gegen\u00fcber lhre einmal erteilte Einwilligung ganz oder teilweise widerrufen. Dies hat zur Folge, dass wir die Datenverarbeitung, die auf dieser Einwilligung beruhte, f\u00fcr die Zukunft nicht mehr fortf\u00fchren d\u00fcrfen und auch nicht mehr werden.<\/p><p>Gem. Art. 15 DSGVO haben wir lhnen Auskunft \u00fcber lhre von uns verarbeiteten personenbezogenen Daten zu erteilen. lnsbesondere k\u00f6nnen Sie Auskunft \u00fcber die Verarbeitungszwecke, die Kategorie der personenbezogenen Daten, die Kategorien von Empf\u00e4ngern gegen\u00fcber denen lhre Daten offengelegt wurden oder werden, die geplante Speicherdauer, das Bestehen eines Rechts auf Berichtigung, L\u00f6schung, Einschr\u00e4nkung der Verarbeitung oder Widerspruch, das Bestehen eines Beschwerderechts, die Herkunft lhrer Daten, sofern diese nicht bei uns erhoben wurden sowie \u00fcber das Bestehen einer automatisierten Entscheidungsfindung einschlie\u00dflich Profiling.<\/p><p>Sie haben gem. Art. 16 DSGVO das Recht unverz\u00fcglich die Berichtigung unrichtiger oder Vervollst\u00e4ndigung lhrer bei uns gespeicherten personenbezogenen Daten zu verlangen.<\/p><p>Sie haben das Recht gem. Art. 17 DSGVO die L\u00f6schung lhrer bei uns gespeicherten personenbezogenen Daten zu verlangen, soweit nicht die Verarbeitung zur Aus\u00fcbung des Rechts auf freie Meinungs\u00e4u\u00dferung und lnformation, zur Erf\u00fcllung einer rechtlichen Verpflichtung, aus Gr\u00fcnden des \u00f6ffentlichen lnteresses oder zur Geltendmachung, Aus\u00fcbung oder Verteidigung von Rechtsanspr\u00fcchen erforderlich ist.<\/p><p>Sie haben ferner das Recht gem. Art. 18 DSGVO die Einschr\u00e4nkung der Verarbeitung lhrer personenbezogenen Daten zu verlangen, soweit die Richtigkeit der Daten von lhnen bestritten wird, die Verarbeitung unrechtm\u00e4\u00dfig ist, Sie aber deren L\u00f6schung ablehnen und wir die Daten nicht mehr ben\u00f6tigen, Sie jedoch diese zur Geltendmachung, Aus\u00fcbung oder Verteidigung von Rechtsanspr\u00fcchen ben\u00f6tigen oder Sie gem. Art. 21 DSGVO Widerspruch gegen die Verarbeitung eingelegt haben.<\/p><p>Gem. Art. 20 DSGVO haben Sie auch das Recht lhre personenbezogenen Daten, die Sie uns bereitgestellt haben, in einem strukturierten, g\u00e4ngigen und maschinenlesbaren Format zu erhalten, oder die \u00dcbermittlung an einen anderen Verantwortlichen zu verlangen.<\/p><p>Gem. Art. 77 DSGVO haben Sie auch das Recht sich bei einer Aufsichtsbeh\u00f6rde zu beschweren. ln der Regel k\u00f6nnen Sie sich hierf\u00fcr an die Aufsichtsbeh\u00f6rde lhres \u00fcblichen Aufenthaltsortes oder Arbeitsplatzes wenden.<br \/>b) Widerspruchsrecht:<\/p><p>Sofern lhre personenbezogenen Daten auf Grundlage von berechtigtem lnteressen gem. Art. 6 Abs. 1 Satz 1 lit. f DSGVO verarbeitet werden, haben Sie das Recht gem. Art. 21 DSGVO Widerspruch gegen die Verarbeitung lhrer personenbezogenen Daten einzulegen, soweit daf\u00fcr Gr\u00fcnde vorliegen, die sich aus ihrer besonderen Situation ergeben.<\/p><p>M\u00f6chten Sie von lhrem Widerspruchsrecht Gebrauch machen, gen\u00fcgt eine E-Mail an nachfolgende E-Mailadresse:<\/p><p>admin@sg-untere-fils.de<\/p><p>c) Kontaktaufnahme hinsichtlich Ihrer einzelnen Rechte:<\/p><p>Wie Sie oben erl\u00e4utert bekommen haben, gibt lhnen die DSGVO eine Vielzahl von Rechten, auf die wir unverz\u00fcglich \u2013 so die ausdr\u00fcckliche Erkl\u00e4rung der DSGVO \u2013 immer reagieren m\u00fcssen. Nachdem der E-Mailverkehr immer weiter zunimmt, haben wir uns daf\u00fcr entschieden f\u00fcr Sie zu einer schnellen Bearbeitung lhres Anliegens eine spezielle E-Mailadresse einzurichten.<\/p><p>Bitte nutzen Sie diese E-Mailadresse, wenn es um die DSGVO und lhre Rechte geht. Denn so ist sichergestellt, dass durch uns eine unverz\u00fcgliche Reaktion erfolgen kann.<\/p><p>Sofern Sie lhr Widerspruchsrecht gem. Art. 21 DSGVO wahrnehmen m\u00f6chten, richten Sie lhren Widerspruch bitte an die E-Mailadresse:<br \/>admin@sg-untere-fils.de<\/p><p>Sofern Sie gem. 5 15 DSGVO Auskunft \u00fcber lhre von uns verarbeiteten personenbezogenen Daten verlangen wollen, richten Sie lhr Verlangen bitte an die E-Mailadresse:<br \/>admin@sg-untere-fils.de<\/p><p>Sollten Sie von lhrem Recht auf L\u00f6sung nach 5 L7 DSGVO Gebrauch machen wollen, richten Sie lhr Anliegen bitte an die E-Mailadresse:<br \/>admin@sg-untere-fils.de<\/p><p>Wollen Sie lhre Einwilligung in die Datenverarbeitung nach Art. 7 Abs. 3 DSGVO widerrufen und\/oder m\u00f6chten Sie gem. Art. 16 DSGVO die Berichtung unrichtiger oder die Vervollst\u00e4ndigung lhrer bei uns gespeicherten personenbezogenen Daten verlangen, oder m\u00f6chten Sie gem. Art. 18 DSGVO die Einschr\u00e4nkung der Verarbeitung lhrer personenbezogenen Daten verlangen, richten Sie lhr Anliegen an die E-Mailadresse:<br \/>admin@sg-untere-fils.de<\/p><p>Selbstverst\u00e4ndlich (damit hier kein Missverst\u00e4ndnis entsteht) k\u00f6nnen Sie lhr Anliegen auch postalisch (per Brief) oder per Telefax geltend machen. Wir w\u00e4ren lhnen dabei dankbar, wenn Sie bereits im Betreffe des Schreibens und\/oder des Telefax-Schreibens angeben w\u00fcrden, um was es konkret geht.<br \/>Telefonische Verlangen k\u00f6nnen wir aus Beweisgr\u00fcnden nicht ber\u00fccksichtigen.<\/p><p>Zur Verwendung der Daten<br \/>Der Nutzung von im Rahmen der Impressumspflicht ver\u00f6ffentlichten Kontaktdaten durch Dritte zur \u00dcbersendung von nicht ausdr\u00fccklich angeforderter Werbung und Informationsmaterialien wird hiermit ausdr\u00fccklich widersprochen.<\/p><p>\u00a0<\/p><h3>Haftungsausschluss<\/h3><p><br \/><strong>Haftung f\u00fcr Inhalte<\/strong><\/p><p>Als Diensteanbieter sind wir gem\u00e4\u00df \u00a7 7 Abs.1 TMG f\u00fcr eigene Inhalte auf diesen Seiten nach den allgemeinen Gesetzen verantwortlich. Nach \u00a7\u00a7 8 bis 10 TMG sind wir als Diensteanbieter jedoch nicht verpflichtet, \u00fcbermittelte oder gespeicherte fremde Informationen zu \u00fcberwachen oder nach Umst\u00e4nden zu forschen, die auf eine rechtswidrige T\u00e4tigkeit hinweisen. Verpflichtungen zur Entfernung oder Sperrung der Nutzung von Informationen nach den allgemeinen Gesetzen bleiben hiervon unber\u00fchrt. Eine diesbez\u00fcgliche Haftung ist jedoch erst ab dem Zeitpunkt der Kenntnis einer konkreten Rechtsverletzung m\u00f6glich. Bei Bekanntwerden von entsprechenden Rechtsverletzungen werden wir diese Inhalte umgehend entfernen.<\/p><p><strong>Haftung f\u00fcr Links<\/strong><br \/>Unser Angebot enth\u00e4lt Links zu externen Webseiten Dritter, auf deren Inhalte wir keinen Einfluss haben. Deshalb k\u00f6nnen wir f\u00fcr diese fremden Inhalte auch keine Gew\u00e4hr \u00fcbernehmen. F\u00fcr die Inhalte der verlinkten Seiten ist stets der jeweilige Anbieter oder Betreiber der Seiten verantwortlich. Die verlinkten Seiten wurden zum Zeitpunkt der Verlinkung auf m\u00f6gliche Rechtsverst\u00f6\u00dfe \u00fcberpr\u00fcft. Rechtswidrige Inhalte waren zum Zeitpunkt der Verlinkung nicht erkennbar. Eine permanente inhaltliche Kontrolle der verlinkten Seiten ist jedoch ohne konkrete Anhaltspunkte einer Rechtsverletzung nicht zumutbar. Bei Bekanntwerden von Rechtsverletzungen werden wir derartige Links umgehend entfernen.<\/p><p><strong>Urheberrecht<\/strong><br \/>Die durch die Seitenbetreiber erstellten Inhalte und Werke auf diesen Seiten unterliegen dem deutschen Urheberrecht. Die Vervielf\u00e4ltigung, Bearbeitung, Verbreitung und jede Art der Verwertung au\u00dferhalb der Grenzen des Urheberrechtes bed\u00fcrfen der schriftlichen Zustimmung des jeweiligen Autors bzw. Erstellers. Downloads und Kopien dieser Seite sind nur f\u00fcr den privaten, nicht kommerziellen Gebrauch gestattet. Soweit die Inhalte auf dieser Seite nicht vom Betreiber erstellt wurden, werden die Urheberrechte Dritter beachtet. Insbesondere werden Inhalte Dritter als solche gekennzeichnet. Sollten Sie trotzdem auf eine Urheberrechtsverletzung aufmerksam werden, bitten wir um einen entsprechenden Hinweis. Bei Bekanntwerden von Rechtsverletzungen werden wir derartige Inhalte umgehend entfernen.<\/p>\t\t\t\t\t\t\t\t<\/div>\n\t\t\t\t<\/div>\n\t\t\t\t\t<\/div>\n\t\t\t\t<\/div>\n\t\t<div class=\"elementor-element elementor-element-7b89f8a e-flex e-con-boxed e-con e-parent\" data-id=\"7b89f8a\" data-element_type=\"container\" data-e-type=\"container\">\n\t\t\t\t\t<div class=\"e-con-inner\">\n\t\t\t\t\t<\/div>\n\t\t\t\t<\/div>\n\t\t\t\t<\/div>\n\t\t","protected":false},"excerpt":{"rendered":"<p>Impressum und Datenschutz 1. Allgemeines \/ Wer wir sind Die Betreiber dieser Seiten nehmen den Schutz Ihrer pers\u00f6nlichen Daten sehr ernst. Wir behandeln Ihre personenbezogenen Daten vertraulich und entsprechend der gesetzlichen Datenschutzvorschriften sowie dieser Datenschutzerkl\u00e4rung. Die Nutzung unserer Webseite ist mit Ausnahme der IP-Adresse in den Server-Log-Files ohne Angabe personenbezogener Daten m\u00f6glich. Soweit auf unseren [&hellip;]<\/p>\n","protected":false},"author":1,"featured_media":0,"parent":0,"menu_order":0,"comment_status":"closed","ping_status":"closed","template":"","meta":{"site-sidebar-layout":"no-sidebar","site-content-layout":"page-builder","ast-site-content-layout":"full-width-container","site-content-style":"unboxed","site-sidebar-style":"unboxed","ast-global-header-display":"","ast-banner-title-visibility":"","ast-main-header-display":"","ast-hfb-above-header-display":"","ast-hfb-below-header-display":"","ast-hfb-mobile-header-display":"","site-post-title":"disabled","ast-breadcrumbs-content":"","ast-featured-img":"disabled","footer-sml-layout":"","theme-transparent-header-meta":"enabled","adv-header-id-meta":"","stick-header-meta":"","header-above-stick-meta":"","header-main-stick-meta":"","header-below-stick-meta":"","astra-migrate-meta-layouts":"set","ast-page-background-enabled":"default","ast-page-background-meta":{"desktop":{"background-color":"var(--ast-global-color-4)","background-image":"","background-repeat":"repeat","background-position":"center center","background-size":"auto","background-attachment":"scroll","background-type":"","background-media":"","overlay-type":"","overlay-color":"","overlay-opacity":"","overlay-gradient":""},"tablet":{"background-color":"","background-image":"","background-repeat":"repeat","background-position":"center center","background-size":"auto","background-attachment":"scroll","background-type":"","background-media":"","overlay-type":"","overlay-color":"","overlay-opacity":"","overlay-gradient":""},"mobile":{"background-color":"","background-image":"","background-repeat":"repeat","background-position":"center center","background-size":"auto","background-attachment":"scroll","background-type":"","background-media":"","overlay-type":"","overlay-color":"","overlay-opacity":"","overlay-gradient":""}},"ast-content-background-meta":{"desktop":{"background-color":"var(--ast-global-color-5)","background-image":"","background-repeat":"repeat","background-position":"center center","background-size":"auto","background-attachment":"scroll","background-type":"","background-media":"","overlay-type":"","overlay-color":"","overlay-opacity":"","overlay-gradient":""},"tablet":{"background-color":"var(--ast-global-color-5)","background-image":"","background-repeat":"repeat","background-position":"center center","background-size":"auto","background-attachment":"scroll","background-type":"","background-media":"","overlay-type":"","overlay-color":"","overlay-opacity":"","overlay-gradient":""},"mobile":{"background-color":"var(--ast-global-color-5)","background-image":"","background-repeat":"repeat","background-position":"center center","background-size":"auto","background-attachment":"scroll","background-type":"","background-media":"","overlay-type":"","overlay-color":"","overlay-opacity":"","overlay-gradient":""}},"footnotes":""},"class_list":["post-1847","page","type-page","status-publish","hentry"],"_links":{"self":[{"href":"https:\/\/sg-untere-fils.de\/wp3\/wp-json\/wp\/v2\/pages\/1847","targetHints":{"allow":["GET"]}}],"collection":[{"href":"https:\/\/sg-untere-fils.de\/wp3\/wp-json\/wp\/v2\/pages"}],"about":[{"href":"https:\/\/sg-untere-fils.de\/wp3\/wp-json\/wp\/v2\/types\/page"}],"author":[{"embeddable":true,"href":"https:\/\/sg-untere-fils.de\/wp3\/wp-json\/wp\/v2\/users\/1"}],"replies":[{"embeddable":true,"href":"https:\/\/sg-untere-fils.de\/wp3\/wp-json\/wp\/v2\/comments?post=1847"}],"version-history":[{"count":10,"href":"https:\/\/sg-untere-fils.de\/wp3\/wp-json\/wp\/v2\/pages\/1847\/revisions"}],"predecessor-version":[{"id":3296,"href":"https:\/\/sg-untere-fils.de\/wp3\/wp-json\/wp\/v2\/pages\/1847\/revisions\/3296"}],"wp:attachment":[{"href":"https:\/\/sg-untere-fils.de\/wp3\/wp-json\/wp\/v2\/media?parent=1847"}],"curies":[{"name":"wp","href":"https:\/\/api.w.org\/{rel}","templated":true}]}}